{"id":12,"date":"2025-02-28T11:40:32","date_gmt":"2025-02-28T10:40:32","guid":{"rendered":"https:\/\/prosjekt.hent.no\/spektrumkvarteret\/?page_id=12"},"modified":"2025-06-11T08:58:04","modified_gmt":"2025-06-11T06:58:04","slug":"om-prosjektet","status":"publish","type":"page","link":"https:\/\/prosjekt.hent.no\/spektrumkvarteret\/om-prosjektet\/","title":{"rendered":"Om prosjektet"},"content":{"rendered":"[vc_row type=&raquo;full_width_background&raquo; full_screen_row_position=&raquo;middle&raquo; column_margin=&raquo;default&raquo; column_direction=&raquo;default&raquo; column_direction_tablet=&raquo;default&raquo; column_direction_phone=&raquo;default&raquo; bg_color=&raquo;#f7f7f7&#8243; scene_position=&raquo;center&raquo; top_padding=&raquo;3%&raquo; constrain_group_1=&raquo;yes&raquo; bottom_padding=&raquo;3%&raquo; text_color=&raquo;dark&raquo; text_align=&raquo;left&raquo; row_border_radius=&raquo;none&raquo; row_border_radius_applies=&raquo;bg&raquo; zindex=&raquo;100&#8243; overflow=&raquo;visible&raquo; id=&raquo;beliefs&raquo; advanced_gradient_angle=&raquo;0&#8243; overlay_strength=&raquo;0.3&#8243; gradient_direction=&raquo;left_to_right&raquo; shape_divider_position=&raquo;bottom&raquo; bg_image_animation=&raquo;none&raquo; shape_type=&raquo;&raquo; gradient_type=&raquo;default&raquo;][vc_column column_padding=&raquo;no-extra-padding&raquo; column_padding_tablet=&raquo;inherit&raquo; column_padding_phone=&raquo;inherit&raquo; column_padding_position=&raquo;all&raquo; column_element_spacing=&raquo;default&raquo; background_color_opacity=&raquo;1&#8243; background_hover_color_opacity=&raquo;1&#8243; column_shadow=&raquo;none&raquo; column_border_radius=&raquo;none&raquo; column_link_target=&raquo;_self&raquo; column_position=&raquo;default&raquo; gradient_direction=&raquo;left_to_right&raquo; overlay_strength=&raquo;0.3&#8243; width=&raquo;1\/1&#8243; tablet_width_inherit=&raquo;default&raquo; tablet_text_alignment=&raquo;default&raquo; phone_text_alignment=&raquo;default&raquo; animation_type=&raquo;default&raquo; bg_image_animation=&raquo;none&raquo; border_type=&raquo;simple&raquo; column_border_width=&raquo;none&raquo; column_border_style=&raquo;solid&raquo;][vc_row_inner column_margin=&raquo;default&raquo; column_direction=&raquo;default&raquo; column_direction_tablet=&raquo;default&raquo; column_direction_phone=&raquo;default&raquo; text_align=&raquo;left&raquo; row_position=&raquo;default&raquo; row_position_tablet=&raquo;inherit&raquo; row_position_phone=&raquo;inherit&raquo; overflow=&raquo;visible&raquo; pointer_events=&raquo;all&raquo;][vc_column_inner column_padding=&raquo;no-extra-padding&raquo; column_padding_tablet=&raquo;inherit&raquo; column_padding_phone=&raquo;inherit&raquo; column_padding_position=&raquo;all&raquo; column_element_spacing=&raquo;default&raquo; background_color_opacity=&raquo;1&#8243; background_hover_color_opacity=&raquo;1&#8243; column_shadow=&raquo;none&raquo; column_border_radius=&raquo;none&raquo; column_link_target=&raquo;_self&raquo; advanced_gradient_angle=&raquo;0&#8243; gradient_direction=&raquo;left_to_right&raquo; overlay_strength=&raquo;0.3&#8243; width=&raquo;1\/1&#8243; tablet_width_inherit=&raquo;default&raquo; animation_type=&raquo;default&raquo; bg_image_animation=&raquo;none&raquo; border_type=&raquo;simple&raquo; column_border_width=&raquo;none&raquo; column_border_style=&raquo;solid&raquo; gradient_type=&raquo;default&raquo;][nectar_scrolling_text scroll_direction=&raquo;ltr&raquo; scroll_speed=&raquo;slower&raquo; text_color=&raquo;#b5b5b5&#8243; style=&raquo;text_outline&raquo; outline_thickness=&raquo;thin&raquo; text_repeat_number=&raquo;3&#8243; text_repeat_divider=&raquo;none&raquo; overflow=&raquo;hidden&raquo; background_image_url=&raquo;9&#8243; background_image_animation=&raquo;None&raquo; separate_text_coloring=&raquo;true&raquo; text_color_front=&raquo;#ffffff&raquo; scroll_functionality=&raquo;automatic&raquo; custom_font_size=&raquo;15vh&raquo; custom_font_size_mobile=&raquo;11vw&raquo; background_image_height=&raquo;55vh&raquo;][\/nectar_scrolling_text][vc_column_text]\n<h6><em>Illustrasjon: LPO Arkitekter<\/em><\/h6>\n[\/vc_column_text][\/vc_column_inner][\/vc_row_inner][\/vc_column][\/vc_row][vc_row type=&raquo;full_width_background&raquo; full_screen_row_position=&raquo;middle&raquo; column_margin=&raquo;default&raquo; column_direction=&raquo;default&raquo; column_direction_tablet=&raquo;default&raquo; column_direction_phone=&raquo;default&raquo; bg_color=&raquo;#ffffff&raquo; scene_position=&raquo;center&raquo; top_padding=&raquo;2%&raquo; bottom_padding=&raquo;2%&raquo; text_color=&raquo;dark&raquo; text_align=&raquo;left&raquo; row_border_radius=&raquo;none&raquo; row_border_radius_applies=&raquo;bg&raquo; overflow=&raquo;visible&raquo; advanced_gradient_angle=&raquo;0&#8243; overlay_strength=&raquo;1&#8243; gradient_direction=&raquo;left_to_right&raquo; shape_divider_position=&raquo;bottom&raquo; bg_image_animation=&raquo;none&raquo; shape_type=&raquo;&raquo; gradient_type=&raquo;default&raquo;][vc_column column_padding=&raquo;no-extra-padding&raquo; column_padding_tablet=&raquo;inherit&raquo; column_padding_phone=&raquo;inherit&raquo; column_padding_position=&raquo;all&raquo; column_element_spacing=&raquo;default&raquo; background_color_opacity=&raquo;1&#8243; background_hover_color_opacity=&raquo;1&#8243; column_shadow=&raquo;none&raquo; column_border_radius=&raquo;none&raquo; column_link_target=&raquo;_self&raquo; column_position=&raquo;default&raquo; gradient_direction=&raquo;left_to_right&raquo; overlay_strength=&raquo;0.3&#8243; width=&raquo;1\/1&#8243; tablet_width_inherit=&raquo;default&raquo; tablet_text_alignment=&raquo;default&raquo; phone_text_alignment=&raquo;default&raquo; animation_type=&raquo;default&raquo; enable_animation=&raquo;true&raquo; animation=&raquo;fade-in-from-bottom&raquo; bg_image_animation=&raquo;none&raquo; border_type=&raquo;simple&raquo; column_border_width=&raquo;none&raquo; column_border_style=&raquo;solid&raquo;][vc_row_inner column_margin=&raquo;90px&raquo; column_direction=&raquo;default&raquo; column_direction_tablet=&raquo;default&raquo; column_direction_phone=&raquo;default&raquo; text_align=&raquo;left&raquo; row_position=&raquo;default&raquo; row_position_tablet=&raquo;inherit&raquo; row_position_phone=&raquo;inherit&raquo; overflow=&raquo;visible&raquo; pointer_events=&raquo;all&raquo;][vc_column_inner column_padding=&raquo;padding-3-percent&raquo; column_padding_tablet=&raquo;inherit&raquo; column_padding_phone=&raquo;inherit&raquo; column_padding_position=&raquo;top-bottom&raquo; column_element_spacing=&raquo;default&raquo; background_color_opacity=&raquo;1&#8243; background_hover_color_opacity=&raquo;1&#8243; column_shadow=&raquo;none&raquo; column_border_radius=&raquo;none&raquo; column_link_target=&raquo;_self&raquo; gradient_direction=&raquo;left_to_right&raquo; overlay_strength=&raquo;0.3&#8243; width=&raquo;1\/2&#8243; tablet_width_inherit=&raquo;default&raquo; animation_type=&raquo;default&raquo; enable_animation=&raquo;true&raquo; animation=&raquo;fade-in-from-bottom&raquo; bg_image_animation=&raquo;none&raquo; border_type=&raquo;simple&raquo; column_border_width=&raquo;none&raquo; column_border_style=&raquo;solid&raquo;][vc_column_text css=&raquo;.vc_custom_1743495115327{margin-bottom: 10px !important;padding-right: 10% !important;}&raquo;]\n<h3>Oslos nye signalbygg<\/h3>\n[\/vc_column_text][vc_column_text css=&raquo;.vc_custom_1749624228184{padding-top: 3% !important;padding-right: 10% !important;}&raquo;]<span data-olk-copy-source=\"MessageBody\">HENT er engasjert av Nova Spektrum og Aspelin Ramm til \u00e5 bygge om Oslo Spektrum. Dagens kontordel av Oslo Spektrum skal rives, og erstattes av et nytt kongressenter og et kontort\u00e5rn p\u00e5 26 etasjer.<\/span><\/p>\n[\/vc_column_text][vc_column_text]<span data-olk-copy-source=\"MessageBody\">\u00d8nsker du mer informasjon om prosjektet kan du trykke her for \u00e5 f\u00e5 informasjon om kongressalen:<\/span>[\/vc_column_text][nectar_cta btn_style=&raquo;underline&raquo; heading_tag=&raquo;h4&#8243; button_color=&raquo;default&raquo; button_border_thickness=&raquo;0px&raquo; link_type=&raquo;new_tab&raquo; alignment=&raquo;left&raquo; alignment_tablet=&raquo;default&raquo; alignment_phone=&raquo;default&raquo; display=&raquo;block&raquo; display_tablet=&raquo;inherit&raquo; display_phone=&raquo;inherit&raquo; link_text=&raquo;www.spektrumkvarteret.no&raquo; url=&raquo;https:\/\/spektrumkvarteret.no&raquo; margin_top=&raquo;-15px&raquo;][divider line_type=&raquo;No Line&raquo; custom_height=&raquo;40px&raquo;][vc_column_text]<span data-olk-copy-source=\"MessageBody\">Klikk her for informasjon om kontort\u00e5rnet:<\/span>[\/vc_column_text][nectar_cta btn_style=&raquo;underline&raquo; heading_tag=&raquo;h4&#8243; button_color=&raquo;default&raquo; button_border_thickness=&raquo;0px&raquo; link_type=&raquo;new_tab&raquo; alignment=&raquo;left&raquo; alignment_tablet=&raquo;default&raquo; alignment_phone=&raquo;default&raquo; display=&raquo;block&raquo; display_tablet=&raquo;inherit&raquo; display_phone=&raquo;inherit&raquo; link_text=&raquo;www.overspektrum.no&raquo; url=&raquo;https:\/\/www.overspektrum.no\/&raquo; margin_top=&raquo;-15px&raquo;][\/vc_column_inner][vc_column_inner column_padding=&raquo;padding-3-percent&raquo; column_padding_tablet=&raquo;inherit&raquo; column_padding_phone=&raquo;inherit&raquo; column_padding_position=&raquo;top-bottom&raquo; column_element_spacing=&raquo;default&raquo; background_color_opacity=&raquo;1&#8243; background_hover_color_opacity=&raquo;1&#8243; column_shadow=&raquo;none&raquo; column_border_radius=&raquo;none&raquo; column_link_target=&raquo;_self&raquo; gradient_direction=&raquo;left_to_right&raquo; overlay_strength=&raquo;0.3&#8243; width=&raquo;1\/2&#8243; tablet_width_inherit=&raquo;default&raquo; animation_type=&raquo;default&raquo; enable_animation=&raquo;true&raquo; animation=&raquo;fade-in-from-bottom&raquo; bg_image_animation=&raquo;none&raquo; border_type=&raquo;simple&raquo; column_border_width=&raquo;none&raquo; column_border_style=&raquo;solid&raquo; delay=&raquo;100&#8243;][vc_column_text css=&raquo;.vc_custom_1749624579949{margin-bottom: 10px !important;padding-right: 10% !important;}&raquo;]<strong>Fakta:<\/strong>[\/vc_column_text][nectar_horizontal_list_item columns=&raquo;2&#8243; column_layout_using_2_columns=&raquo;medium_last&raquo; col_1_text_align=&raquo;left&raquo; col_2_text_align=&raquo;left&raquo; col_1_text_element=&raquo;p&raquo; col_2_text_element=&raquo;h5&#8243; font_family=&raquo;p&raquo; hover_effect=&raquo;none&raquo; icon_family=&raquo;none&raquo; icon_size=&raquo;regular&raquo; col_1_content=&raquo;Byggherre:&raquo; col_2_content=&raquo;Nova Spektrum og Aspelin Ramm&raquo;][nectar_horizontal_list_item columns=&raquo;2&#8243; column_layout_using_2_columns=&raquo;medium_last&raquo; col_1_text_align=&raquo;left&raquo; col_2_text_align=&raquo;left&raquo; col_1_text_element=&raquo;p&raquo; col_2_text_element=&raquo;h5&#8243; font_family=&raquo;p&raquo; hover_effect=&raquo;none&raquo; icon_family=&raquo;none&raquo; icon_size=&raquo;regular&raquo; col_1_content=&raquo;Byggeperiode:&raquo; col_2_content=&raquo;2025 &#8211; 2028&#8243;][nectar_horizontal_list_item columns=&raquo;2&#8243; column_layout_using_2_columns=&raquo;medium_last&raquo; col_1_text_align=&raquo;left&raquo; col_2_text_align=&raquo;left&raquo; col_1_text_element=&raquo;p&raquo; col_2_text_element=&raquo;h5&#8243; font_family=&raquo;p&raquo; hover_effect=&raquo;none&raquo; icon_family=&raquo;none&raquo; icon_size=&raquo;regular&raquo; col_1_content=&raquo;Entreprise:&raquo; col_2_content=&raquo;Totalentreprise med prosjektavtale&raquo;][nectar_horizontal_list_item columns=&raquo;2&#8243; column_layout_using_2_columns=&raquo;medium_last&raquo; col_1_text_align=&raquo;left&raquo; col_2_text_align=&raquo;left&raquo; col_1_text_element=&raquo;p&raquo; col_2_text_element=&raquo;h5&#8243; font_family=&raquo;p&raquo; hover_effect=&raquo;none&raquo; icon_family=&raquo;none&raquo; icon_size=&raquo;regular&raquo; col_1_content=&raquo;Omfang:&raquo; col_2_content=&raquo;ca. 39.000 kvm&raquo;][nectar_horizontal_list_item columns=&raquo;2&#8243; column_layout_using_2_columns=&raquo;medium_last&raquo; col_1_text_align=&raquo;left&raquo; col_2_text_align=&raquo;left&raquo; col_1_text_element=&raquo;p&raquo; col_2_text_element=&raquo;h5&#8243; font_family=&raquo;p&raquo; hover_effect=&raquo;none&raquo; icon_family=&raquo;none&raquo; icon_size=&raquo;regular&raquo; col_1_content=&raquo;Arkitekt:&raquo; col_2_content=&raquo;LPO Arkitekter og Brandsberg Dahl Arkitekter&raquo;][nectar_horizontal_list_item columns=&raquo;2&#8243; column_layout_using_2_columns=&raquo;medium_last&raquo; col_1_text_align=&raquo;left&raquo; col_2_text_align=&raquo;left&raquo; col_1_text_element=&raquo;p&raquo; col_2_text_element=&raquo;h5&#8243; font_family=&raquo;p&raquo; hover_effect=&raquo;none&raquo; icon_family=&raquo;none&raquo; icon_size=&raquo;regular&raquo; col_1_content=&raquo;Sted:&raquo; col_2_content=&raquo;Oslo&raquo;][\/vc_column_inner][\/vc_row_inner][\/vc_column][\/vc_row]\n","protected":false},"excerpt":{"rendered":"<p>[vc_row type=&raquo;full_width_background&raquo; full_screen_row_position=&raquo;middle&raquo; column_margin=&raquo;default&raquo; column_direction=&raquo;default&raquo; column_direction_tablet=&raquo;default&raquo; column_direction_phone=&raquo;default&raquo; bg_color=&raquo;#f7f7f7&#8243; scene_position=&raquo;center&raquo; top_padding=&raquo;3%&raquo; constrain_group_1=&raquo;yes&raquo; bottom_padding=&raquo;3%&raquo; text_color=&raquo;dark&raquo; text_align=&raquo;left&raquo; row_border_radius=&raquo;none&raquo; row_border_radius_applies=&raquo;bg&raquo; zindex=&raquo;100&#8243; overflow=&raquo;visible&raquo; id=&raquo;beliefs&raquo; advanced_gradient_angle=&raquo;0&#8243; overlay_strength=&raquo;0.3&#8243; gradient_direction=&raquo;left_to_right&raquo; shape_divider_position=&raquo;bottom&raquo; bg_image_animation=&raquo;none&raquo; shape_type=&raquo;&raquo; gradient_type=&raquo;default&raquo;][vc_column column_padding=&raquo;no-extra-padding&raquo; column_padding_tablet=&raquo;inherit&raquo; column_padding_phone=&raquo;inherit&raquo; column_padding_position=&raquo;all&raquo;&#8230;<\/p>\n","protected":false},"author":2,"featured_media":0,"parent":0,"menu_order":0,"comment_status":"closed","ping_status":"closed","template":"","meta":{"footnotes":""},"class_list":["post-12","page","type-page","status-publish"],"_links":{"self":[{"href":"https:\/\/prosjekt.hent.no\/spektrumkvarteret\/wp-json\/wp\/v2\/pages\/12","targetHints":{"allow":["GET"]}}],"collection":[{"href":"https:\/\/prosjekt.hent.no\/spektrumkvarteret\/wp-json\/wp\/v2\/pages"}],"about":[{"href":"https:\/\/prosjekt.hent.no\/spektrumkvarteret\/wp-json\/wp\/v2\/types\/page"}],"author":[{"embeddable":true,"href":"https:\/\/prosjekt.hent.no\/spektrumkvarteret\/wp-json\/wp\/v2\/users\/2"}],"replies":[{"embeddable":true,"href":"https:\/\/prosjekt.hent.no\/spektrumkvarteret\/wp-json\/wp\/v2\/comments?post=12"}],"version-history":[{"count":41,"href":"https:\/\/prosjekt.hent.no\/spektrumkvarteret\/wp-json\/wp\/v2\/pages\/12\/revisions"}],"predecessor-version":[{"id":223,"href":"https:\/\/prosjekt.hent.no\/spektrumkvarteret\/wp-json\/wp\/v2\/pages\/12\/revisions\/223"}],"wp:attachment":[{"href":"https:\/\/prosjekt.hent.no\/spektrumkvarteret\/wp-json\/wp\/v2\/media?parent=12"}],"curies":[{"name":"wp","href":"https:\/\/api.w.org\/{rel}","templated":true}]}}