{"id":52,"date":"2025-06-30T13:30:55","date_gmt":"2025-06-30T11:30:55","guid":{"rendered":"https:\/\/prosjekt.hent.no\/nrk\/?page_id=52"},"modified":"2025-07-03T07:46:27","modified_gmt":"2025-07-03T05:46:27","slug":"kontakt","status":"publish","type":"page","link":"https:\/\/prosjekt.hent.no\/nrk\/kontakt\/","title":{"rendered":"Kontakt"},"content":{"rendered":"[vc_row type=&raquo;in_container&raquo; full_screen_row_position=&raquo;middle&raquo; column_margin=&raquo;default&raquo; column_direction=&raquo;default&raquo; column_direction_tablet=&raquo;default&raquo; column_direction_phone=&raquo;default&raquo; scene_position=&raquo;center&raquo; top_padding=&raquo;4%&raquo; constrain_group_1=&raquo;yes&raquo; bottom_padding=&raquo;4%&raquo; text_color=&raquo;dark&raquo; text_align=&raquo;left&raquo; row_border_radius=&raquo;none&raquo; row_border_radius_applies=&raquo;bg&raquo; overflow=&raquo;visible&raquo; advanced_gradient_angle=&raquo;0&#8243; overlay_strength=&raquo;0.3&#8243; gradient_direction=&raquo;left_to_right&raquo; shape_divider_position=&raquo;bottom&raquo; bg_image_animation=&raquo;none&raquo; gradient_type=&raquo;default&raquo; shape_type=&raquo;&raquo;][vc_column column_padding=&raquo;no-extra-padding&raquo; column_padding_tablet=&raquo;inherit&raquo; column_padding_phone=&raquo;inherit&raquo; column_padding_position=&raquo;all&raquo; column_element_spacing=&raquo;default&raquo; background_color_opacity=&raquo;1&#8243; background_hover_color_opacity=&raquo;1&#8243; column_shadow=&raquo;none&raquo; column_border_radius=&raquo;none&raquo; column_link_target=&raquo;_self&raquo; column_position=&raquo;default&raquo; gradient_direction=&raquo;left_to_right&raquo; overlay_strength=&raquo;0.3&#8243; width=&raquo;1\/3&#8243; tablet_width_inherit=&raquo;default&raquo; tablet_text_alignment=&raquo;default&raquo; phone_text_alignment=&raquo;default&raquo; animation_type=&raquo;default&raquo; bg_image_animation=&raquo;none&raquo; border_type=&raquo;simple&raquo; column_border_width=&raquo;none&raquo; column_border_style=&raquo;solid&raquo;][vc_column_text]\n<h3 class=\"wp-block-heading\"><strong>Adresse byggeplass<\/strong><\/h3>\n<div class=\"wp-block-group\">\n<div class=\"wp-block-group__inner-container is-layout-flow wp-block-group-is-layout-flow\">\n<p><span data-huuid=\"4172469301242046224\">Ensj\u00f8veien 3, 5 og 7<\/span><br \/>\n0655 Oslo<\/p>\n<\/div>\n<\/div>\n[\/vc_column_text][divider line_type=&raquo;No Line&raquo; custom_height=&raquo;40px&raquo;][vc_column_text]\n<h3 class=\"wp-block-heading\"><strong>Totalentrepren\u00f8r: HENT AS<\/strong><\/h3>\n<div><\/div>\n<div title=\"Ronny R\u00f8nning\">Ronny R\u00f8nning, anleggsleder<br \/>\nE-post: ronny.ronning@hent.no<\/div>\n<p>Odd Ivar Ekle,\u00a0prosjektsjef<br \/>\nE-post: odd.ivar.ekle@hent.no[\/vc_column_text][divider line_type=&raquo;No Line&raquo; custom_height=&raquo;40px&raquo;][vc_column_text]\n<h3 class=\"wp-block-heading\"><strong>Byggherre: NRK v\/Ensj\u00f8veien 7 AS<\/strong><\/h3>\n<div>P\u00e5 nettsiden til NRK er det\u00a0samlet ofte stilte sp\u00f8rsm\u00e5l. Vi h\u00e5per du finner svar p\u00e5 det du lurer p\u00e5!<\/div>\n<div><\/div>\n[\/vc_column_text][nectar_cta btn_style=&raquo;underline&raquo; heading_tag=&raquo;h4&#8243; text_color=&raquo;#333333&#8243; button_color=&raquo;default&raquo; button_border_thickness=&raquo;0px&raquo; link_type=&raquo;new_tab&raquo; alignment=&raquo;left&raquo; alignment_tablet=&raquo;default&raquo; alignment_phone=&raquo;default&raquo; display=&raquo;block&raquo; display_tablet=&raquo;inherit&raquo; display_phone=&raquo;inherit&raquo; link_text=&raquo;Les mer p\u00e5 info.nrk.no\/normannslokka&raquo; url=&raquo;https:\/\/info.nrk.no\/sporsmal-og-kontakt\/#har-du-sporsmal&raquo;][\/vc_column][vc_column column_padding=&raquo;padding-3-percent&raquo; column_padding_tablet=&raquo;inherit&raquo; column_padding_phone=&raquo;inherit&raquo; column_padding_position=&raquo;left&raquo; column_element_spacing=&raquo;default&raquo; background_color_opacity=&raquo;1&#8243; background_hover_color_opacity=&raquo;1&#8243; column_shadow=&raquo;none&raquo; column_border_radius=&raquo;none&raquo; column_link_target=&raquo;_self&raquo; column_position=&raquo;default&raquo; advanced_gradient_angle=&raquo;0&#8243; gradient_direction=&raquo;left_to_right&raquo; overlay_strength=&raquo;0.3&#8243; width=&raquo;2\/3&#8243; tablet_width_inherit=&raquo;default&raquo; tablet_text_alignment=&raquo;default&raquo; phone_text_alignment=&raquo;default&raquo; animation_type=&raquo;default&raquo; bg_image_animation=&raquo;none&raquo; border_type=&raquo;simple&raquo; column_border_width=&raquo;none&raquo; column_border_style=&raquo;solid&raquo; gradient_type=&raquo;default&raquo;][vc_raw_html]JTNDaWZyYW1lJTIwc3JjJTNEJTIyaHR0cHMlM0ElMkYlMkZ3d3cuZ29vZ2xlLmNvbSUyRm1hcHMlMkZlbWJlZCUzRnBiJTNEJTIxMW0xOCUyMTFtMTIlMjExbTMlMjExZDE5OTkuOTkyMjEzOTk5MzUxNiUyMTJkMTAuNzgxOTI3MTc3ODM3NTAzJTIxM2Q1OS45MTU2NzY1NjM5NDg1MyUyMTJtMyUyMTFmMCUyMTJmMCUyMTNmMCUyMTNtMiUyMTFpMTAyNCUyMTJpNzY4JTIxNGYxMy4xJTIxM20zJTIxMW0yJTIxMXMweDQ2NDE2ZTUwZDEwMDgwOWIlMjUzQTB4MjcyOTA2ODFiZDU1OTdlMiUyMTJzRW5zaiUyNUMzJTI1Qjh2ZWllbiUyNTIwNyUyNTJDJTI1MjAwNjU1JTI1MjBPc2xvJTIxNWUwJTIxM20yJTIxMXNubyUyMTJzbm8lMjE0djE3NTEzNzE3MDMzNzIlMjE1bTIlMjExc25vJTIxMnNubyUyMiUyMHdpZHRoJTNEJTIyMTAwMCUyMiUyMGhlaWdodCUzRCUyMjU1MCUyMiUyMHN0eWxlJTNEJTIyYm9yZGVyJTNBMCUzQiUyMiUyMGFsbG93ZnVsbHNjcmVlbiUzRCUyMiUyMiUyMGxvYWRpbmclM0QlMjJsYXp5JTIyJTIwcmVmZXJyZXJwb2xpY3klM0QlMjJuby1yZWZlcnJlci13aGVuLWRvd25ncmFkZSUyMiUzRSUzQyUyRmlmcmFtZSUzRQ==[\/vc_raw_html][\/vc_column][\/vc_row]\n","protected":false},"excerpt":{"rendered":"<p>[vc_row type=&raquo;in_container&raquo; full_screen_row_position=&raquo;middle&raquo; column_margin=&raquo;default&raquo; column_direction=&raquo;default&raquo; column_direction_tablet=&raquo;default&raquo; column_direction_phone=&raquo;default&raquo; scene_position=&raquo;center&raquo; top_padding=&raquo;4%&raquo; constrain_group_1=&raquo;yes&raquo; bottom_padding=&raquo;4%&raquo; text_color=&raquo;dark&raquo; text_align=&raquo;left&raquo; row_border_radius=&raquo;none&raquo; row_border_radius_applies=&raquo;bg&raquo; overflow=&raquo;visible&raquo; advanced_gradient_angle=&raquo;0&#8243; overlay_strength=&raquo;0.3&#8243; gradient_direction=&raquo;left_to_right&raquo; shape_divider_position=&raquo;bottom&raquo; bg_image_animation=&raquo;none&raquo; gradient_type=&raquo;default&raquo; shape_type=&raquo;&raquo;][vc_column column_padding=&raquo;no-extra-padding&raquo; column_padding_tablet=&raquo;inherit&raquo; column_padding_phone=&raquo;inherit&raquo; column_padding_position=&raquo;all&raquo; column_element_spacing=&raquo;default&raquo; background_color_opacity=&raquo;1&#8243; background_hover_color_opacity=&raquo;1&#8243;&#8230;<\/p>\n","protected":false},"author":2,"featured_media":0,"parent":0,"menu_order":0,"comment_status":"closed","ping_status":"closed","template":"","meta":{"footnotes":""},"class_list":["post-52","page","type-page","status-publish"],"_links":{"self":[{"href":"https:\/\/prosjekt.hent.no\/nrk\/wp-json\/wp\/v2\/pages\/52","targetHints":{"allow":["GET"]}}],"collection":[{"href":"https:\/\/prosjekt.hent.no\/nrk\/wp-json\/wp\/v2\/pages"}],"about":[{"href":"https:\/\/prosjekt.hent.no\/nrk\/wp-json\/wp\/v2\/types\/page"}],"author":[{"embeddable":true,"href":"https:\/\/prosjekt.hent.no\/nrk\/wp-json\/wp\/v2\/users\/2"}],"replies":[{"embeddable":true,"href":"https:\/\/prosjekt.hent.no\/nrk\/wp-json\/wp\/v2\/comments?post=52"}],"version-history":[{"count":9,"href":"https:\/\/prosjekt.hent.no\/nrk\/wp-json\/wp\/v2\/pages\/52\/revisions"}],"predecessor-version":[{"id":90,"href":"https:\/\/prosjekt.hent.no\/nrk\/wp-json\/wp\/v2\/pages\/52\/revisions\/90"}],"wp:attachment":[{"href":"https:\/\/prosjekt.hent.no\/nrk\/wp-json\/wp\/v2\/media?parent=52"}],"curies":[{"name":"wp","href":"https:\/\/api.w.org\/{rel}","templated":true}]}}