{"id":27,"date":"2025-06-30T12:58:51","date_gmt":"2025-06-30T10:58:51","guid":{"rendered":"https:\/\/prosjekt.hent.no\/nrk\/?page_id=27"},"modified":"2025-07-03T08:01:11","modified_gmt":"2025-07-03T06:01:11","slug":"om-prosjektet","status":"publish","type":"page","link":"https:\/\/prosjekt.hent.no\/nrk\/om-prosjektet\/","title":{"rendered":"Om byggeprosjektet"},"content":{"rendered":"[vc_row type=&raquo;full_width_background&raquo; full_screen_row_position=&raquo;middle&raquo; column_margin=&raquo;default&raquo; column_direction=&raquo;default&raquo; column_direction_tablet=&raquo;default&raquo; column_direction_phone=&raquo;default&raquo; bg_color=&raquo;#f7f7f7&#8243; scene_position=&raquo;center&raquo; top_padding=&raquo;3%&raquo; constrain_group_1=&raquo;yes&raquo; bottom_padding=&raquo;3%&raquo; text_color=&raquo;dark&raquo; text_align=&raquo;left&raquo; row_border_radius=&raquo;none&raquo; row_border_radius_applies=&raquo;bg&raquo; zindex=&raquo;100&#8243; overflow=&raquo;visible&raquo; id=&raquo;beliefs&raquo; advanced_gradient_angle=&raquo;0&#8243; overlay_strength=&raquo;0.3&#8243; gradient_direction=&raquo;left_to_right&raquo; shape_divider_position=&raquo;bottom&raquo; bg_image_animation=&raquo;none&raquo; shape_type=&raquo;&raquo; gradient_type=&raquo;default&raquo;][vc_column column_padding=&raquo;no-extra-padding&raquo; column_padding_tablet=&raquo;inherit&raquo; column_padding_phone=&raquo;inherit&raquo; column_padding_position=&raquo;all&raquo; column_element_spacing=&raquo;default&raquo; background_color_opacity=&raquo;1&#8243; background_hover_color_opacity=&raquo;1&#8243; column_shadow=&raquo;none&raquo; column_border_radius=&raquo;none&raquo; column_link_target=&raquo;_self&raquo; column_position=&raquo;default&raquo; gradient_direction=&raquo;left_to_right&raquo; overlay_strength=&raquo;0.3&#8243; width=&raquo;1\/1&#8243; tablet_width_inherit=&raquo;default&raquo; tablet_text_alignment=&raquo;default&raquo; phone_text_alignment=&raquo;default&raquo; animation_type=&raquo;default&raquo; bg_image_animation=&raquo;none&raquo; border_type=&raquo;simple&raquo; column_border_width=&raquo;none&raquo; column_border_style=&raquo;solid&raquo;][vc_row_inner column_margin=&raquo;default&raquo; column_direction=&raquo;default&raquo; column_direction_tablet=&raquo;default&raquo; column_direction_phone=&raquo;default&raquo; text_align=&raquo;left&raquo; row_position=&raquo;default&raquo; row_position_tablet=&raquo;inherit&raquo; row_position_phone=&raquo;inherit&raquo; overflow=&raquo;visible&raquo; pointer_events=&raquo;all&raquo;][vc_column_inner column_padding=&raquo;no-extra-padding&raquo; column_padding_tablet=&raquo;inherit&raquo; column_padding_phone=&raquo;inherit&raquo; column_padding_position=&raquo;all&raquo; column_element_spacing=&raquo;default&raquo; background_color_opacity=&raquo;1&#8243; background_hover_color_opacity=&raquo;1&#8243; column_shadow=&raquo;none&raquo; column_border_radius=&raquo;none&raquo; column_link_target=&raquo;_self&raquo; gradient_direction=&raquo;left_to_right&raquo; overlay_strength=&raquo;0.3&#8243; width=&raquo;1\/1&#8243; tablet_width_inherit=&raquo;default&raquo; animation_type=&raquo;default&raquo; bg_image_animation=&raquo;none&raquo; border_type=&raquo;simple&raquo; column_border_width=&raquo;none&raquo; column_border_style=&raquo;solid&raquo;][nectar_scrolling_text scroll_direction=&raquo;ltr&raquo; scroll_speed=&raquo;slow&raquo; text_color=&raquo;#b5b5b5&#8243; style=&raquo;text_outline&raquo; outline_thickness=&raquo;thin&raquo; text_repeat_number=&raquo;3&#8243; text_repeat_divider=&raquo;none&raquo; overflow=&raquo;hidden&raquo; background_image_url=&raquo;8&#8243; background_image_animation=&raquo;None&raquo; separate_text_coloring=&raquo;true&raquo; text_color_front=&raquo;#ffffff&raquo; scroll_functionality=&raquo;automatic&raquo; custom_font_size=&raquo;15vh&raquo; custom_font_size_mobile=&raquo;11vw&raquo; background_image_height=&raquo;55vh&raquo;][\/nectar_scrolling_text][vc_column_text]\n<h6><em>Illustrasjon: Nordic Office of Architecture med Arup Architecture og Rodeo Arkitekter<\/em><\/h6>\n[\/vc_column_text][\/vc_column_inner][\/vc_row_inner][\/vc_column][\/vc_row][vc_row type=&raquo;full_width_background&raquo; full_screen_row_position=&raquo;middle&raquo; column_margin=&raquo;default&raquo; column_direction=&raquo;default&raquo; column_direction_tablet=&raquo;default&raquo; column_direction_phone=&raquo;default&raquo; bg_color=&raquo;#ffffff&raquo; scene_position=&raquo;center&raquo; top_padding=&raquo;2%&raquo; bottom_padding=&raquo;4%&raquo; text_color=&raquo;dark&raquo; text_align=&raquo;left&raquo; row_border_radius=&raquo;none&raquo; row_border_radius_applies=&raquo;bg&raquo; overflow=&raquo;visible&raquo; advanced_gradient_angle=&raquo;0&#8243; overlay_strength=&raquo;1&#8243; gradient_direction=&raquo;left_to_right&raquo; shape_divider_position=&raquo;bottom&raquo; bg_image_animation=&raquo;none&raquo; shape_type=&raquo;&raquo; gradient_type=&raquo;default&raquo;][vc_column column_padding=&raquo;no-extra-padding&raquo; column_padding_tablet=&raquo;inherit&raquo; column_padding_phone=&raquo;inherit&raquo; column_padding_position=&raquo;all&raquo; column_element_spacing=&raquo;default&raquo; background_color_opacity=&raquo;1&#8243; background_hover_color_opacity=&raquo;1&#8243; column_shadow=&raquo;none&raquo; column_border_radius=&raquo;none&raquo; column_link_target=&raquo;_self&raquo; column_position=&raquo;default&raquo; gradient_direction=&raquo;left_to_right&raquo; overlay_strength=&raquo;0.3&#8243; width=&raquo;1\/1&#8243; tablet_width_inherit=&raquo;default&raquo; tablet_text_alignment=&raquo;default&raquo; phone_text_alignment=&raquo;default&raquo; animation_type=&raquo;default&raquo; enable_animation=&raquo;true&raquo; animation=&raquo;fade-in-from-bottom&raquo; bg_image_animation=&raquo;none&raquo; border_type=&raquo;simple&raquo; column_border_width=&raquo;none&raquo; column_border_style=&raquo;solid&raquo;][vc_row_inner column_margin=&raquo;90px&raquo; column_direction=&raquo;default&raquo; column_direction_tablet=&raquo;default&raquo; column_direction_phone=&raquo;default&raquo; text_align=&raquo;left&raquo; row_position=&raquo;default&raquo; row_position_tablet=&raquo;inherit&raquo; row_position_phone=&raquo;inherit&raquo; overflow=&raquo;visible&raquo; pointer_events=&raquo;all&raquo;][vc_column_inner column_padding=&raquo;padding-3-percent&raquo; column_padding_tablet=&raquo;inherit&raquo; column_padding_phone=&raquo;inherit&raquo; column_padding_position=&raquo;top-bottom&raquo; column_element_spacing=&raquo;default&raquo; background_color_opacity=&raquo;1&#8243; background_hover_color_opacity=&raquo;1&#8243; column_shadow=&raquo;none&raquo; column_border_radius=&raquo;none&raquo; column_link_target=&raquo;_self&raquo; gradient_direction=&raquo;left_to_right&raquo; overlay_strength=&raquo;0.3&#8243; width=&raquo;1\/2&#8243; tablet_width_inherit=&raquo;default&raquo; animation_type=&raquo;default&raquo; enable_animation=&raquo;true&raquo; animation=&raquo;fade-in-from-bottom&raquo; bg_image_animation=&raquo;none&raquo; border_type=&raquo;simple&raquo; column_border_width=&raquo;none&raquo; column_border_style=&raquo;solid&raquo;][vc_column_text]\n<h3><strong>HENT er valgt som totalentrepren\u00f8r i samspill for utvikling og bygging av NRKs nye hovedkontor i Oslo.<\/strong><\/h3>\n[\/vc_column_text][vc_column_text css=&raquo;.vc_custom_1751522469744{padding-right: 10% !important;}&raquo;]Det nye hovedkontoret f\u00e5r et samlet bruttoareal p\u00e5 omtrent 50\u00a0000 kvadratmeter. Med NRK som eier skal lokalene huse en rekke ulike funksjoner som studioer, spesialrom tilpasset ulike produksjonsbehov, kontorplasser til ansatte samt n\u00f8dvendige st\u00f8ttearealer.<\/p>\n<p>Bygget skal v\u00e6re tilgjengelig og \u00e5pent for publikum, bidra til en positiv byutvikling i n\u00e6rmilj\u00f8et og legge til rette for at NRK f\u00e5r de beste rammene for videre utvikling av organisasjonen. Samtidig stilles det h\u00f8ye krav til sikkerhet, fleksibilitet og fremtidsrettet teknologi, slik at NRK kan m\u00f8te b\u00e5de dagens og morgendagens behov.<\/p>\n<p>Arkitektonisk kvalitet og b\u00e6rekraft st\u00e5r sentralt i prosjektet og med \u00f8nske om \u00e5 bli et b\u00e6rekraftig signalprosjekt har prosjektet inng\u00e5tt en intensjonsavtale om \u00e5 bli et FutureBuilt forbildeprosjekt.<\/p>\n<p><strong>Prosjektet utf\u00f8res gjennom to faser &#8211; fase 1: samspill og fase 2: gjennomf\u00f8ring.\u00a0<\/strong><br \/>\nDen f\u00f8rste fasen ble iverksatt umiddelbart etter kontraktsignering. I denne fasen vil HENT i samarbeid med byggherre og arkitekt jobbe frem et modent forprosjekt med tilh\u00f8rende leveransebeskrivelse, etablere fremdrifts- og beslutningsplan, avtale krav for FutureBuilt og utarbeide en kalkyle for en omforent m\u00e5lpris. Samtidig vil HENT fra sommeren sette i gang med forberedende arbeider p\u00e5 tomten.<\/p>\n<p>Etter hvert som planene for fase 2 &#8211; gjennomf\u00f8ringen &#8211; utarbeides vil det komme mer informasjon om dette her.<\/p>\n<p>Les mer om NRKs nye hovedkontor p\u00e5 nettsiden til NRK:[\/vc_column_text][nectar_cta btn_style=&raquo;underline&raquo; heading_tag=&raquo;h4&#8243; text_color=&raquo;#333333&#8243; button_color=&raquo;default&raquo; button_border_thickness=&raquo;0px&raquo; link_type=&raquo;new_tab&raquo; alignment=&raquo;left&raquo; alignment_tablet=&raquo;default&raquo; alignment_phone=&raquo;default&raquo; display=&raquo;block&raquo; display_tablet=&raquo;inherit&raquo; display_phone=&raquo;inherit&raquo; link_text=&raquo;info.nrk.no\/normannslokka&raquo; url=&raquo;https:\/\/info.nrk.no\/normannslokka\/&raquo;][divider line_type=&raquo;No Line&raquo; custom_height=&raquo;40px&raquo;][\/vc_column_inner][vc_column_inner column_padding=&raquo;padding-3-percent&raquo; column_padding_tablet=&raquo;inherit&raquo; column_padding_phone=&raquo;inherit&raquo; column_padding_position=&raquo;top-bottom&raquo; column_element_spacing=&raquo;default&raquo; background_color_opacity=&raquo;1&#8243; background_hover_color_opacity=&raquo;1&#8243; column_shadow=&raquo;none&raquo; column_border_radius=&raquo;none&raquo; column_link_target=&raquo;_self&raquo; gradient_direction=&raquo;left_to_right&raquo; overlay_strength=&raquo;0.3&#8243; width=&raquo;1\/2&#8243; tablet_width_inherit=&raquo;default&raquo; animation_type=&raquo;default&raquo; enable_animation=&raquo;true&raquo; animation=&raquo;fade-in-from-bottom&raquo; bg_image_animation=&raquo;none&raquo; border_type=&raquo;simple&raquo; column_border_width=&raquo;none&raquo; column_border_style=&raquo;solid&raquo; delay=&raquo;100&#8243;][vc_column_text css=&raquo;.vc_custom_1751281111143{margin-bottom: 10px !important;padding-right: 10% !important;}&raquo;]\n<h3><strong>Prosjektinformasjon<\/strong><\/h3>\n[\/vc_column_text][nectar_horizontal_list_item columns=&raquo;2&#8243; column_layout_using_2_columns=&raquo;medium_last&raquo; col_1_text_align=&raquo;left&raquo; col_2_text_align=&raquo;left&raquo; col_1_text_element=&raquo;p&raquo; col_2_text_element=&raquo;h5&#8243; font_family=&raquo;p&raquo; hover_effect=&raquo;none&raquo; icon_family=&raquo;none&raquo; icon_size=&raquo;regular&raquo; col_1_content=&raquo;Byggherre:&raquo; col_2_content=&raquo;NRK v\/Ensj\u00f8veien 7 AS&raquo;][nectar_horizontal_list_item columns=&raquo;2&#8243; column_layout_using_2_columns=&raquo;medium_last&raquo; col_1_text_align=&raquo;left&raquo; col_2_text_align=&raquo;left&raquo; col_1_text_element=&raquo;p&raquo; col_2_text_element=&raquo;h5&#8243; font_family=&raquo;p&raquo; hover_effect=&raquo;none&raquo; icon_family=&raquo;none&raquo; icon_size=&raquo;regular&raquo; col_1_content=&raquo;Byggeperiode:&raquo; col_2_content=&raquo;2025 &#8211; 2029&#8243;][nectar_horizontal_list_item columns=&raquo;2&#8243; column_layout_using_2_columns=&raquo;medium_last&raquo; col_1_text_align=&raquo;left&raquo; col_2_text_align=&raquo;left&raquo; col_1_text_element=&raquo;p&raquo; col_2_text_element=&raquo;h5&#8243; font_family=&raquo;p&raquo; hover_effect=&raquo;none&raquo; icon_family=&raquo;none&raquo; icon_size=&raquo;regular&raquo; col_1_content=&raquo;Entreprise:&raquo; col_2_content=&raquo;Totalentreprise med samspill&raquo;][nectar_horizontal_list_item columns=&raquo;2&#8243; column_layout_using_2_columns=&raquo;medium_last&raquo; col_1_text_align=&raquo;left&raquo; col_2_text_align=&raquo;left&raquo; col_1_text_element=&raquo;p&raquo; col_2_text_element=&raquo;h5&#8243; font_family=&raquo;p&raquo; hover_effect=&raquo;none&raquo; icon_family=&raquo;none&raquo; icon_size=&raquo;regular&raquo; col_1_content=&raquo;Omfang:&raquo; col_2_content=&raquo;50.000 kvm&raquo;][nectar_horizontal_list_item columns=&raquo;2&#8243; column_layout_using_2_columns=&raquo;medium_last&raquo; col_1_text_align=&raquo;left&raquo; col_2_text_align=&raquo;left&raquo; col_1_text_element=&raquo;p&raquo; col_2_text_element=&raquo;h5&#8243; font_family=&raquo;p&raquo; hover_effect=&raquo;none&raquo; icon_family=&raquo;none&raquo; icon_size=&raquo;regular&raquo; col_1_content=&raquo;Sted:&raquo; col_2_content=&raquo;Oslo&raquo;][\/vc_column_inner][\/vc_row_inner][\/vc_column][\/vc_row]\n","protected":false},"excerpt":{"rendered":"<p>[vc_row type=&raquo;full_width_background&raquo; full_screen_row_position=&raquo;middle&raquo; column_margin=&raquo;default&raquo; column_direction=&raquo;default&raquo; column_direction_tablet=&raquo;default&raquo; column_direction_phone=&raquo;default&raquo; bg_color=&raquo;#f7f7f7&#8243; scene_position=&raquo;center&raquo; top_padding=&raquo;3%&raquo; constrain_group_1=&raquo;yes&raquo; bottom_padding=&raquo;3%&raquo; text_color=&raquo;dark&raquo; text_align=&raquo;left&raquo; row_border_radius=&raquo;none&raquo; row_border_radius_applies=&raquo;bg&raquo; zindex=&raquo;100&#8243; overflow=&raquo;visible&raquo; id=&raquo;beliefs&raquo; advanced_gradient_angle=&raquo;0&#8243; overlay_strength=&raquo;0.3&#8243; gradient_direction=&raquo;left_to_right&raquo; shape_divider_position=&raquo;bottom&raquo; bg_image_animation=&raquo;none&raquo; shape_type=&raquo;&raquo; gradient_type=&raquo;default&raquo;][vc_column column_padding=&raquo;no-extra-padding&raquo; column_padding_tablet=&raquo;inherit&raquo; column_padding_phone=&raquo;inherit&raquo; column_padding_position=&raquo;all&raquo;&#8230;<\/p>\n","protected":false},"author":2,"featured_media":0,"parent":0,"menu_order":0,"comment_status":"closed","ping_status":"closed","template":"","meta":{"footnotes":""},"class_list":["post-27","page","type-page","status-publish"],"_links":{"self":[{"href":"https:\/\/prosjekt.hent.no\/nrk\/wp-json\/wp\/v2\/pages\/27","targetHints":{"allow":["GET"]}}],"collection":[{"href":"https:\/\/prosjekt.hent.no\/nrk\/wp-json\/wp\/v2\/pages"}],"about":[{"href":"https:\/\/prosjekt.hent.no\/nrk\/wp-json\/wp\/v2\/types\/page"}],"author":[{"embeddable":true,"href":"https:\/\/prosjekt.hent.no\/nrk\/wp-json\/wp\/v2\/users\/2"}],"replies":[{"embeddable":true,"href":"https:\/\/prosjekt.hent.no\/nrk\/wp-json\/wp\/v2\/comments?post=27"}],"version-history":[{"count":20,"href":"https:\/\/prosjekt.hent.no\/nrk\/wp-json\/wp\/v2\/pages\/27\/revisions"}],"predecessor-version":[{"id":137,"href":"https:\/\/prosjekt.hent.no\/nrk\/wp-json\/wp\/v2\/pages\/27\/revisions\/137"}],"wp:attachment":[{"href":"https:\/\/prosjekt.hent.no\/nrk\/wp-json\/wp\/v2\/media?parent=27"}],"curies":[{"name":"wp","href":"https:\/\/api.w.org\/{rel}","templated":true}]}}