{"id":11,"date":"2025-06-24T13:32:46","date_gmt":"2025-06-24T11:32:46","guid":{"rendered":"https:\/\/prosjekt.hent.no\/nck\/?page_id=11"},"modified":"2025-11-07T10:27:24","modified_gmt":"2025-11-07T09:27:24","slug":"om-prosjektet","status":"publish","type":"page","link":"https:\/\/prosjekt.hent.no\/nck\/om-prosjektet\/","title":{"rendered":"Om prosjektet"},"content":{"rendered":"[vc_row type=&raquo;full_width_background&raquo; full_screen_row_position=&raquo;middle&raquo; column_margin=&raquo;default&raquo; column_direction=&raquo;default&raquo; column_direction_tablet=&raquo;default&raquo; column_direction_phone=&raquo;default&raquo; bg_color=&raquo;#f7f7f7&#8243; scene_position=&raquo;center&raquo; top_padding=&raquo;3%&raquo; constrain_group_1=&raquo;yes&raquo; bottom_padding=&raquo;3%&raquo; text_color=&raquo;dark&raquo; text_align=&raquo;left&raquo; row_border_radius=&raquo;none&raquo; row_border_radius_applies=&raquo;bg&raquo; zindex=&raquo;100&#8243; overflow=&raquo;visible&raquo; id=&raquo;beliefs&raquo; advanced_gradient_angle=&raquo;0&#8243; overlay_strength=&raquo;0.3&#8243; gradient_direction=&raquo;left_to_right&raquo; shape_divider_position=&raquo;bottom&raquo; bg_image_animation=&raquo;none&raquo; shape_type=&raquo;&raquo; gradient_type=&raquo;default&raquo;][vc_column column_padding=&raquo;no-extra-padding&raquo; column_padding_tablet=&raquo;inherit&raquo; column_padding_phone=&raquo;inherit&raquo; column_padding_position=&raquo;all&raquo; column_element_spacing=&raquo;default&raquo; background_color_opacity=&raquo;1&#8243; background_hover_color_opacity=&raquo;1&#8243; column_shadow=&raquo;none&raquo; column_border_radius=&raquo;none&raquo; column_link_target=&raquo;_self&raquo; column_position=&raquo;default&raquo; gradient_direction=&raquo;left_to_right&raquo; overlay_strength=&raquo;0.3&#8243; width=&raquo;1\/1&#8243; tablet_width_inherit=&raquo;default&raquo; tablet_text_alignment=&raquo;default&raquo; phone_text_alignment=&raquo;default&raquo; animation_type=&raquo;default&raquo; bg_image_animation=&raquo;none&raquo; border_type=&raquo;simple&raquo; column_border_width=&raquo;none&raquo; column_border_style=&raquo;solid&raquo;][vc_row_inner column_margin=&raquo;default&raquo; column_direction=&raquo;default&raquo; column_direction_tablet=&raquo;default&raquo; column_direction_phone=&raquo;default&raquo; text_align=&raquo;left&raquo; row_position=&raquo;default&raquo; row_position_tablet=&raquo;inherit&raquo; row_position_phone=&raquo;inherit&raquo; overflow=&raquo;visible&raquo; pointer_events=&raquo;all&raquo;][vc_column_inner column_padding=&raquo;no-extra-padding&raquo; column_padding_tablet=&raquo;inherit&raquo; column_padding_phone=&raquo;inherit&raquo; column_padding_position=&raquo;all&raquo; column_element_spacing=&raquo;default&raquo; background_color_opacity=&raquo;1&#8243; background_hover_color_opacity=&raquo;1&#8243; column_shadow=&raquo;none&raquo; column_border_radius=&raquo;none&raquo; column_link_target=&raquo;_self&raquo; gradient_direction=&raquo;left_to_right&raquo; overlay_strength=&raquo;0.3&#8243; width=&raquo;1\/1&#8243; tablet_width_inherit=&raquo;default&raquo; animation_type=&raquo;default&raquo; bg_image_animation=&raquo;none&raquo; border_type=&raquo;simple&raquo; column_border_width=&raquo;none&raquo; column_border_style=&raquo;solid&raquo;][nectar_scrolling_text scroll_direction=&raquo;ltr&raquo; scroll_speed=&raquo;slow&raquo; text_color=&raquo;#b5b5b5&#8243; style=&raquo;text_outline&raquo; outline_thickness=&raquo;thin&raquo; text_repeat_number=&raquo;3&#8243; text_repeat_divider=&raquo;none&raquo; overflow=&raquo;hidden&raquo; background_image_url=&raquo;53&#8243; background_image_animation=&raquo;None&raquo; separate_text_coloring=&raquo;true&raquo; text_color_front=&raquo;#ffffff&raquo; scroll_functionality=&raquo;automatic&raquo; custom_font_size=&raquo;15vh&raquo; custom_font_size_mobile=&raquo;11vw&raquo; background_image_height=&raquo;55vh&raquo;][\/nectar_scrolling_text][vc_column_text]\n<h6><em>Illustrasjon: Atelje \u00d6<\/em><\/h6>\n[\/vc_column_text][\/vc_column_inner][\/vc_row_inner][\/vc_column][\/vc_row][vc_row type=&raquo;full_width_background&raquo; full_screen_row_position=&raquo;middle&raquo; column_margin=&raquo;default&raquo; column_direction=&raquo;default&raquo; column_direction_tablet=&raquo;default&raquo; column_direction_phone=&raquo;default&raquo; bg_color=&raquo;#ffffff&raquo; scene_position=&raquo;center&raquo; top_padding=&raquo;4%&raquo; bottom_padding=&raquo;5%&raquo; text_color=&raquo;dark&raquo; text_align=&raquo;left&raquo; row_border_radius=&raquo;none&raquo; row_border_radius_applies=&raquo;bg&raquo; overflow=&raquo;visible&raquo; advanced_gradient_angle=&raquo;0&#8243; overlay_strength=&raquo;1&#8243; gradient_direction=&raquo;left_to_right&raquo; shape_divider_position=&raquo;bottom&raquo; bg_image_animation=&raquo;none&raquo; shape_type=&raquo;&raquo; gradient_type=&raquo;default&raquo;][vc_column column_padding=&raquo;no-extra-padding&raquo; column_padding_tablet=&raquo;inherit&raquo; column_padding_phone=&raquo;inherit&raquo; column_padding_position=&raquo;all&raquo; column_element_spacing=&raquo;default&raquo; background_color_opacity=&raquo;1&#8243; background_hover_color_opacity=&raquo;1&#8243; column_shadow=&raquo;none&raquo; column_border_radius=&raquo;none&raquo; column_link_target=&raquo;_self&raquo; column_position=&raquo;default&raquo; gradient_direction=&raquo;left_to_right&raquo; overlay_strength=&raquo;0.3&#8243; width=&raquo;1\/1&#8243; tablet_width_inherit=&raquo;default&raquo; tablet_text_alignment=&raquo;default&raquo; phone_text_alignment=&raquo;default&raquo; animation_type=&raquo;default&raquo; enable_animation=&raquo;true&raquo; animation=&raquo;fade-in-from-bottom&raquo; bg_image_animation=&raquo;none&raquo; border_type=&raquo;simple&raquo; column_border_width=&raquo;none&raquo; column_border_style=&raquo;solid&raquo;][vc_row_inner column_margin=&raquo;90px&raquo; column_direction=&raquo;default&raquo; column_direction_tablet=&raquo;default&raquo; column_direction_phone=&raquo;default&raquo; text_align=&raquo;left&raquo; row_position=&raquo;default&raquo; row_position_tablet=&raquo;inherit&raquo; row_position_phone=&raquo;inherit&raquo; overflow=&raquo;visible&raquo; pointer_events=&raquo;all&raquo;][vc_column_inner column_padding=&raquo;padding-1-percent&raquo; column_padding_tablet=&raquo;inherit&raquo; column_padding_phone=&raquo;inherit&raquo; column_padding_position=&raquo;right&raquo; column_element_spacing=&raquo;default&raquo; background_color_opacity=&raquo;1&#8243; background_hover_color_opacity=&raquo;1&#8243; column_shadow=&raquo;none&raquo; column_border_radius=&raquo;none&raquo; column_link_target=&raquo;_self&raquo; advanced_gradient_angle=&raquo;0&#8243; gradient_direction=&raquo;left_to_right&raquo; overlay_strength=&raquo;0.3&#8243; width=&raquo;1\/2&#8243; tablet_width_inherit=&raquo;default&raquo; animation_type=&raquo;default&raquo; enable_animation=&raquo;true&raquo; animation=&raquo;fade-in-from-bottom&raquo; bg_image_animation=&raquo;none&raquo; border_type=&raquo;simple&raquo; column_border_width=&raquo;none&raquo; column_border_style=&raquo;solid&raquo; gradient_type=&raquo;default&raquo;][vc_column_text css=&raquo;.vc_custom_1757331480501{margin-bottom: 10px !important;padding-right: 10% !important;}&raquo;]\n<h3>Om prosjektet<\/h3>\n[\/vc_column_text][vc_column_text css=&raquo;.vc_custom_1757411315937{padding-right: 10% !important;}&raquo;]Nye Charlottenlund kirke (NCK) er en ny kirke som skal bygges p\u00e5 Charlottenlund i Trondheim. Byggherre for prosjektet er Kirkelig fellesr\u00e5d i Trondheim (KFiT). Bygget best\u00e5r av to deler \u2013 selve kirken og et menighetssenter. De to delene av bygget inneholder ulike funksjoner og skillet fremkommer tydelig av byggets arkitektur og materialbruk. Funksjonene til kirkebygget er kirkerom, sakristi, sidekapell og stillerom. Menighetsbygget bygges i to etasjer. 1. etasje inneholder ett torg, kafe, saler for arrangementer og kj\u00f8kken. 2. etasje best\u00e5r hovedsakelig av en administrasjonsdel for ansatte i kirkelig fellesr\u00e5d med kontorer, m\u00f8terom og personal rom. I tillegg finnes det aktivitetsrom for barn og unge, \u00f8vingslokale og lydstudio. Det etableres en p-kjeller under hele bygget, samt en innkj\u00f8ringsrampe. Det skal etableres en kirkehage med en kirkeplass, atrium, og omr\u00e5der dedikert til andre fasiliteter.[\/vc_column_text][\/vc_column_inner][vc_column_inner column_padding=&raquo;padding-3-percent&raquo; column_padding_tablet=&raquo;inherit&raquo; column_padding_phone=&raquo;inherit&raquo; column_padding_position=&raquo;left&raquo; column_element_spacing=&raquo;default&raquo; background_color_opacity=&raquo;1&#8243; background_hover_color_opacity=&raquo;1&#8243; column_shadow=&raquo;none&raquo; column_border_radius=&raquo;none&raquo; column_link_target=&raquo;_self&raquo; advanced_gradient_angle=&raquo;0&#8243; gradient_direction=&raquo;left_to_right&raquo; overlay_strength=&raquo;0.3&#8243; width=&raquo;1\/2&#8243; tablet_width_inherit=&raquo;default&raquo; animation_type=&raquo;default&raquo; enable_animation=&raquo;true&raquo; animation=&raquo;fade-in-from-bottom&raquo; bg_image_animation=&raquo;none&raquo; border_type=&raquo;simple&raquo; column_border_width=&raquo;none&raquo; column_border_style=&raquo;solid&raquo; delay=&raquo;100&#8243; gradient_type=&raquo;default&raquo;][vc_column_text css=&raquo;.vc_custom_1757331809135{margin-bottom: 10px !important;padding-right: 10% !important;}&raquo;]\n<h3><strong>Prosjektinformasjon<\/strong><\/h3>\n[\/vc_column_text][nectar_horizontal_list_item columns=&raquo;2&#8243; column_layout_using_2_columns=&raquo;medium_last&raquo; col_1_text_align=&raquo;left&raquo; col_2_text_align=&raquo;left&raquo; col_1_text_element=&raquo;p&raquo; col_2_text_element=&raquo;h5&#8243; font_family=&raquo;p&raquo; hover_effect=&raquo;none&raquo; icon_family=&raquo;none&raquo; icon_size=&raquo;regular&raquo; col_1_content=&raquo;Byggherre:&raquo; col_2_content=&raquo;Kirkelig Fellesr\u00e5d i Trondheim&raquo;][nectar_horizontal_list_item columns=&raquo;2&#8243; column_layout_using_2_columns=&raquo;medium_last&raquo; col_1_text_align=&raquo;left&raquo; col_2_text_align=&raquo;left&raquo; col_1_text_element=&raquo;p&raquo; col_2_text_element=&raquo;h5&#8243; font_family=&raquo;p&raquo; hover_effect=&raquo;none&raquo; icon_family=&raquo;none&raquo; icon_size=&raquo;regular&raquo; col_1_content=&raquo;Byggeperiode:&raquo; col_2_content=&raquo;2025 &#8211; 2027&#8243;][nectar_horizontal_list_item columns=&raquo;2&#8243; column_layout_using_2_columns=&raquo;medium_last&raquo; col_1_text_align=&raquo;left&raquo; col_2_text_align=&raquo;left&raquo; col_1_text_element=&raquo;p&raquo; col_2_text_element=&raquo;h5&#8243; font_family=&raquo;p&raquo; hover_effect=&raquo;none&raquo; icon_family=&raquo;none&raquo; icon_size=&raquo;regular&raquo; col_1_content=&raquo;Entreprise:&raquo; col_2_content=&raquo;Totalentreprise med samspill&raquo;][nectar_horizontal_list_item columns=&raquo;2&#8243; column_layout_using_2_columns=&raquo;medium_last&raquo; col_1_text_align=&raquo;left&raquo; col_2_text_align=&raquo;left&raquo; col_1_text_element=&raquo;p&raquo; col_2_text_element=&raquo;h5&#8243; font_family=&raquo;p&raquo; hover_effect=&raquo;none&raquo; icon_family=&raquo;none&raquo; icon_size=&raquo;regular&raquo; col_1_content=&raquo;Omfang:&raquo; col_2_content=&raquo;2 000 kvm&raquo;][nectar_horizontal_list_item columns=&raquo;2&#8243; column_layout_using_2_columns=&raquo;medium_last&raquo; col_1_text_align=&raquo;left&raquo; col_2_text_align=&raquo;left&raquo; col_1_text_element=&raquo;p&raquo; col_2_text_element=&raquo;h5&#8243; font_family=&raquo;p&raquo; hover_effect=&raquo;none&raquo; icon_family=&raquo;none&raquo; icon_size=&raquo;regular&raquo; col_1_content=&raquo;Arkitekt:&raquo; col_2_content=&raquo;Atelje \u00d6 og Eggen Arkitekter&raquo;][nectar_horizontal_list_item columns=&raquo;2&#8243; column_layout_using_2_columns=&raquo;medium_last&raquo; col_1_text_align=&raquo;left&raquo; col_2_text_align=&raquo;left&raquo; col_1_text_element=&raquo;p&raquo; col_2_text_element=&raquo;h5&#8243; font_family=&raquo;p&raquo; hover_effect=&raquo;none&raquo; icon_family=&raquo;none&raquo; icon_size=&raquo;regular&raquo; col_1_content=&raquo;Sted:&raquo; col_2_content=&raquo;Trondheim&raquo;][\/vc_column_inner][\/vc_row_inner][\/vc_column][\/vc_row]\n","protected":false},"excerpt":{"rendered":"<p>[vc_row type=&raquo;full_width_background&raquo; full_screen_row_position=&raquo;middle&raquo; column_margin=&raquo;default&raquo; column_direction=&raquo;default&raquo; column_direction_tablet=&raquo;default&raquo; column_direction_phone=&raquo;default&raquo; bg_color=&raquo;#f7f7f7&#8243; scene_position=&raquo;center&raquo; top_padding=&raquo;3%&raquo; constrain_group_1=&raquo;yes&raquo; bottom_padding=&raquo;3%&raquo; text_color=&raquo;dark&raquo; text_align=&raquo;left&raquo; row_border_radius=&raquo;none&raquo; row_border_radius_applies=&raquo;bg&raquo; zindex=&raquo;100&#8243; overflow=&raquo;visible&raquo; id=&raquo;beliefs&raquo; advanced_gradient_angle=&raquo;0&#8243; overlay_strength=&raquo;0.3&#8243; gradient_direction=&raquo;left_to_right&raquo; shape_divider_position=&raquo;bottom&raquo; bg_image_animation=&raquo;none&raquo; shape_type=&raquo;&raquo; gradient_type=&raquo;default&raquo;][vc_column column_padding=&raquo;no-extra-padding&raquo; column_padding_tablet=&raquo;inherit&raquo; column_padding_phone=&raquo;inherit&raquo; column_padding_position=&raquo;all&raquo;&#8230;<\/p>\n","protected":false},"author":2,"featured_media":0,"parent":0,"menu_order":0,"comment_status":"closed","ping_status":"closed","template":"","meta":{"footnotes":""},"class_list":["post-11","page","type-page","status-publish"],"_links":{"self":[{"href":"https:\/\/prosjekt.hent.no\/nck\/wp-json\/wp\/v2\/pages\/11","targetHints":{"allow":["GET"]}}],"collection":[{"href":"https:\/\/prosjekt.hent.no\/nck\/wp-json\/wp\/v2\/pages"}],"about":[{"href":"https:\/\/prosjekt.hent.no\/nck\/wp-json\/wp\/v2\/types\/page"}],"author":[{"embeddable":true,"href":"https:\/\/prosjekt.hent.no\/nck\/wp-json\/wp\/v2\/users\/2"}],"replies":[{"embeddable":true,"href":"https:\/\/prosjekt.hent.no\/nck\/wp-json\/wp\/v2\/comments?post=11"}],"version-history":[{"count":18,"href":"https:\/\/prosjekt.hent.no\/nck\/wp-json\/wp\/v2\/pages\/11\/revisions"}],"predecessor-version":[{"id":69,"href":"https:\/\/prosjekt.hent.no\/nck\/wp-json\/wp\/v2\/pages\/11\/revisions\/69"}],"wp:attachment":[{"href":"https:\/\/prosjekt.hent.no\/nck\/wp-json\/wp\/v2\/media?parent=11"}],"curies":[{"name":"wp","href":"https:\/\/api.w.org\/{rel}","templated":true}]}}