{"id":8,"date":"2025-04-01T10:41:07","date_gmt":"2025-04-01T08:41:07","guid":{"rendered":"https:\/\/prosjekt.hent.no\/mack\/?page_id=8"},"modified":"2025-10-15T13:03:33","modified_gmt":"2025-10-15T11:03:33","slug":"om-prosjektet","status":"publish","type":"page","link":"https:\/\/prosjekt.hent.no\/mack\/om-prosjektet\/","title":{"rendered":"Om prosjektet"},"content":{"rendered":"[vc_row type=&raquo;full_width_background&raquo; full_screen_row_position=&raquo;middle&raquo; column_margin=&raquo;default&raquo; column_direction=&raquo;default&raquo; column_direction_tablet=&raquo;default&raquo; column_direction_phone=&raquo;default&raquo; bg_color=&raquo;#f7f7f7&#8243; scene_position=&raquo;center&raquo; top_padding=&raquo;3%&raquo; constrain_group_1=&raquo;yes&raquo; bottom_padding=&raquo;3%&raquo; text_color=&raquo;dark&raquo; text_align=&raquo;left&raquo; row_border_radius=&raquo;none&raquo; row_border_radius_applies=&raquo;bg&raquo; zindex=&raquo;100&#8243; overflow=&raquo;visible&raquo; advanced_gradient_angle=&raquo;0&#8243; overlay_strength=&raquo;0.3&#8243; gradient_direction=&raquo;left_to_right&raquo; shape_divider_position=&raquo;bottom&raquo; bg_image_animation=&raquo;none&raquo; gradient_type=&raquo;default&raquo; shape_type=&raquo;&raquo;][vc_column column_padding=&raquo;no-extra-padding&raquo; column_padding_tablet=&raquo;inherit&raquo; column_padding_phone=&raquo;inherit&raquo; column_padding_position=&raquo;all&raquo; column_element_spacing=&raquo;0px&raquo; background_color_opacity=&raquo;1&#8243; background_hover_color_opacity=&raquo;1&#8243; column_shadow=&raquo;none&raquo; column_border_radius=&raquo;none&raquo; column_link_target=&raquo;_self&raquo; column_position=&raquo;default&raquo; advanced_gradient_angle=&raquo;0&#8243; gradient_direction=&raquo;left_to_right&raquo; overlay_strength=&raquo;0.3&#8243; width=&raquo;1\/1&#8243; tablet_width_inherit=&raquo;default&raquo; tablet_text_alignment=&raquo;default&raquo; phone_text_alignment=&raquo;default&raquo; animation_type=&raquo;default&raquo; bg_image_animation=&raquo;none&raquo; border_type=&raquo;simple&raquo; column_border_width=&raquo;none&raquo; column_border_style=&raquo;solid&raquo; gradient_type=&raquo;default&raquo;][vc_row_inner column_margin=&raquo;none&raquo; column_direction=&raquo;default&raquo; column_direction_tablet=&raquo;default&raquo; column_direction_phone=&raquo;default&raquo; text_align=&raquo;left&raquo; row_position=&raquo;default&raquo; row_position_tablet=&raquo;inherit&raquo; row_position_phone=&raquo;inherit&raquo; zindex=&raquo;100&#8243; overflow=&raquo;visible&raquo; pointer_events=&raquo;all&raquo;][vc_column_inner column_padding=&raquo;no-extra-padding&raquo; column_padding_tablet=&raquo;inherit&raquo; column_padding_phone=&raquo;inherit&raquo; column_padding_position=&raquo;all&raquo; column_element_spacing=&raquo;default&raquo; background_color_opacity=&raquo;1&#8243; background_hover_color_opacity=&raquo;1&#8243; column_shadow=&raquo;none&raquo; column_border_radius=&raquo;none&raquo; column_link_target=&raquo;_self&raquo; advanced_gradient_angle=&raquo;0&#8243; gradient_direction=&raquo;left_to_right&raquo; overlay_strength=&raquo;0.3&#8243; width=&raquo;1\/1&#8243; tablet_width_inherit=&raquo;default&raquo; animation_type=&raquo;default&raquo; bg_image_animation=&raquo;none&raquo; border_type=&raquo;simple&raquo; column_border_width=&raquo;none&raquo; column_border_style=&raquo;solid&raquo; gradient_type=&raquo;default&raquo;][nectar_scrolling_text scroll_direction=&raquo;ltr&raquo; scroll_speed=&raquo;static&raquo; text_color=&raquo;#0a0a0a&raquo; style=&raquo;text_outline&raquo; outline_thickness=&raquo;thin&raquo; text_repeat_number=&raquo;3&#8243; text_repeat_divider=&raquo;none&raquo; overflow=&raquo;hidden&raquo; background_image_url=&raquo;15&#8243; background_image_animation=&raquo;None&raquo; separate_text_coloring=&raquo;true&raquo; custom_font_size=&raquo;11vw&raquo; custom_font_size_mobile=&raquo;15vw&raquo; background_image_height=&raquo;55vh&raquo;][\/nectar_scrolling_text][vc_column_text]\n<h6><em>Illustrasjon: AT Arkitektur<\/em><\/h6>\n<h6><em>\u00a0<\/em><\/h6>\n[\/vc_column_text][\/vc_column_inner][\/vc_row_inner][\/vc_column][\/vc_row][vc_row type=&raquo;full_width_background&raquo; full_screen_row_position=&raquo;middle&raquo; column_margin=&raquo;default&raquo; column_direction=&raquo;default&raquo; column_direction_tablet=&raquo;default&raquo; column_direction_phone=&raquo;default&raquo; bg_color=&raquo;#ffffff&raquo; scene_position=&raquo;center&raquo; top_padding=&raquo;5%&raquo; bottom_padding=&raquo;7%&raquo; text_color=&raquo;dark&raquo; text_align=&raquo;left&raquo; row_border_radius=&raquo;none&raquo; row_border_radius_applies=&raquo;bg&raquo; overflow=&raquo;visible&raquo; advanced_gradient_angle=&raquo;0&#8243; overlay_strength=&raquo;1&#8243; gradient_direction=&raquo;left_to_right&raquo; shape_divider_position=&raquo;bottom&raquo; bg_image_animation=&raquo;none&raquo; shape_type=&raquo;&raquo; gradient_type=&raquo;default&raquo;][vc_column column_padding=&raquo;no-extra-padding&raquo; column_padding_tablet=&raquo;inherit&raquo; column_padding_phone=&raquo;inherit&raquo; column_padding_position=&raquo;all&raquo; column_element_spacing=&raquo;default&raquo; background_color_opacity=&raquo;1&#8243; background_hover_color_opacity=&raquo;1&#8243; column_shadow=&raquo;none&raquo; column_border_radius=&raquo;none&raquo; column_link_target=&raquo;_self&raquo; column_position=&raquo;default&raquo; gradient_direction=&raquo;left_to_right&raquo; overlay_strength=&raquo;0.3&#8243; width=&raquo;1\/1&#8243; tablet_width_inherit=&raquo;default&raquo; tablet_text_alignment=&raquo;default&raquo; phone_text_alignment=&raquo;default&raquo; animation_type=&raquo;default&raquo; enable_animation=&raquo;true&raquo; animation=&raquo;fade-in-from-bottom&raquo; bg_image_animation=&raquo;none&raquo; border_type=&raquo;simple&raquo; column_border_width=&raquo;none&raquo; column_border_style=&raquo;solid&raquo;][vc_row_inner column_margin=&raquo;90px&raquo; column_direction=&raquo;default&raquo; column_direction_tablet=&raquo;default&raquo; column_direction_phone=&raquo;default&raquo; text_align=&raquo;left&raquo; row_position=&raquo;default&raquo; row_position_tablet=&raquo;inherit&raquo; row_position_phone=&raquo;inherit&raquo; overflow=&raquo;visible&raquo; pointer_events=&raquo;all&raquo;][vc_column_inner column_padding=&raquo;padding-3-percent&raquo; column_padding_tablet=&raquo;inherit&raquo; column_padding_phone=&raquo;inherit&raquo; column_padding_position=&raquo;bottom-right&raquo; column_element_spacing=&raquo;default&raquo; background_color_opacity=&raquo;1&#8243; background_hover_color_opacity=&raquo;1&#8243; column_shadow=&raquo;none&raquo; column_border_radius=&raquo;none&raquo; column_link_target=&raquo;_self&raquo; advanced_gradient_angle=&raquo;0&#8243; gradient_direction=&raquo;left_to_right&raquo; overlay_strength=&raquo;0.3&#8243; width=&raquo;1\/2&#8243; tablet_width_inherit=&raquo;default&raquo; animation_type=&raquo;default&raquo; enable_animation=&raquo;true&raquo; animation=&raquo;fade-in-from-bottom&raquo; bg_image_animation=&raquo;none&raquo; border_type=&raquo;simple&raquo; column_border_width=&raquo;none&raquo; column_border_style=&raquo;solid&raquo; gradient_type=&raquo;default&raquo;][vc_column_text css=&raquo;.vc_custom_1746603997473{margin-bottom: 10px !important;padding-right: 10% !important;}&raquo;]\n<h3>Om prosjektet<\/h3>\n[\/vc_column_text][divider line_type=&raquo;No Line&raquo; custom_height=&raquo;20px&raquo;][vc_column_text css=&raquo;.vc_custom_1746604036846{padding-right: 10% !important;}&raquo;]Mack \u00d8st AS realiserer prosjektavtale med HENT for etablering av f\u00f8rste byggetrinn p\u00e5 den gamle bryggeritomta i Troms\u00f8.[\/vc_column_text][vc_column_text]\n<p class=\"noSpacingAbove noSpacingBelow\" data-text-type=\"noSpacing\">Det f\u00f8rste av i alt tre til fire byggetrinn omfatter etablering av nytt hotell og handelsarealer p\u00e5 den gamle bryggeri tomta i Troms\u00f8 sentrum. Prosjektet best\u00e5r at to hotellblokker med underliggende kjeller og n\u00e6ringslokaler i plan 1 og 2.<\/p>\n<p class=\"noSpacingAbove noSpacingBelow\" data-text-type=\"noSpacing\">Tilknyttet prosjektet skal det ogs\u00e5 rehabiliteres ca. 4 300 kvadratmeter av eksisterende teglg\u00e5rd i tillegg til at b\u00e6resystemet forsterkes for etablering av et fremtidig kontorbygg p\u00e5 fem etasjer. Prosjektet knyttes sammen av en felles klimatisert handlegate.<\/p>\n[\/vc_column_text][\/vc_column_inner][vc_column_inner column_padding=&raquo;padding-3-percent&raquo; column_padding_tablet=&raquo;inherit&raquo; column_padding_phone=&raquo;inherit&raquo; column_padding_position=&raquo;bottom-left&raquo; column_element_spacing=&raquo;default&raquo; background_color_opacity=&raquo;1&#8243; background_hover_color_opacity=&raquo;1&#8243; column_shadow=&raquo;none&raquo; column_border_radius=&raquo;none&raquo; column_link_target=&raquo;_self&raquo; advanced_gradient_angle=&raquo;0&#8243; gradient_direction=&raquo;left_to_right&raquo; overlay_strength=&raquo;0.3&#8243; width=&raquo;1\/2&#8243; tablet_width_inherit=&raquo;default&raquo; animation_type=&raquo;default&raquo; enable_animation=&raquo;true&raquo; animation=&raquo;fade-in-from-bottom&raquo; bg_image_animation=&raquo;none&raquo; border_type=&raquo;simple&raquo; column_border_width=&raquo;none&raquo; column_border_style=&raquo;solid&raquo; delay=&raquo;100&#8243; gradient_type=&raquo;default&raquo;][vc_column_text css=&raquo;.vc_custom_1743495084921{margin-bottom: 10px !important;padding-right: 10% !important;}&raquo;]\n<h3>Prosjektfakta:<\/h3>\n[\/vc_column_text][nectar_horizontal_list_item columns=&raquo;2&#8243; column_layout_using_2_columns=&raquo;medium_last&raquo; col_1_text_align=&raquo;left&raquo; col_2_text_align=&raquo;left&raquo; col_1_text_element=&raquo;p&raquo; col_2_text_element=&raquo;h5&#8243; font_family=&raquo;p&raquo; hover_effect=&raquo;none&raquo; icon_family=&raquo;none&raquo; icon_size=&raquo;regular&raquo; col_1_content=&raquo;Byggherre&raquo; col_2_content=&raquo;Mack \u00d8st AS (Eiendomsspar AS)&raquo;][nectar_horizontal_list_item columns=&raquo;2&#8243; column_layout_using_2_columns=&raquo;medium_last&raquo; col_1_text_align=&raquo;left&raquo; col_2_text_align=&raquo;left&raquo; col_1_text_element=&raquo;p&raquo; col_2_text_element=&raquo;h5&#8243; font_family=&raquo;p&raquo; hover_effect=&raquo;none&raquo; icon_family=&raquo;none&raquo; icon_size=&raquo;regular&raquo; col_1_content=&raquo;Byggeperiode&raquo; col_2_content=&raquo;2024 &#8211; 2027&#8243;][nectar_horizontal_list_item columns=&raquo;2&#8243; column_layout_using_2_columns=&raquo;medium_last&raquo; col_1_text_align=&raquo;left&raquo; col_2_text_align=&raquo;left&raquo; col_1_text_element=&raquo;p&raquo; col_2_text_element=&raquo;h5&#8243; font_family=&raquo;p&raquo; hover_effect=&raquo;none&raquo; icon_family=&raquo;none&raquo; icon_size=&raquo;regular&raquo; col_1_content=&raquo;Entreprise&raquo; col_2_content=&raquo;Totalentreprise med prosjektavtale&raquo;][nectar_horizontal_list_item columns=&raquo;2&#8243; column_layout_using_2_columns=&raquo;medium_last&raquo; col_1_text_align=&raquo;left&raquo; col_2_text_align=&raquo;left&raquo; col_1_text_element=&raquo;p&raquo; col_2_text_element=&raquo;h5&#8243; font_family=&raquo;p&raquo; hover_effect=&raquo;none&raquo; icon_family=&raquo;none&raquo; icon_size=&raquo;regular&raquo; col_1_content=&raquo;Omfang:&raquo; col_2_content=&raquo;20 800 kvm&raquo;][nectar_horizontal_list_item columns=&raquo;2&#8243; column_layout_using_2_columns=&raquo;medium_last&raquo; col_1_text_align=&raquo;left&raquo; col_2_text_align=&raquo;left&raquo; col_1_text_element=&raquo;p&raquo; col_2_text_element=&raquo;h5&#8243; font_family=&raquo;p&raquo; hover_effect=&raquo;none&raquo; icon_family=&raquo;none&raquo; icon_size=&raquo;regular&raquo; col_1_content=&raquo;Arkitekt:&raquo; col_2_content=&raquo;AT Arkitektur&raquo;][nectar_horizontal_list_item columns=&raquo;2&#8243; column_layout_using_2_columns=&raquo;medium_last&raquo; col_1_text_align=&raquo;left&raquo; col_2_text_align=&raquo;left&raquo; col_1_text_element=&raquo;p&raquo; col_2_text_element=&raquo;h5&#8243; font_family=&raquo;p&raquo; hover_effect=&raquo;none&raquo; icon_family=&raquo;none&raquo; icon_size=&raquo;regular&raquo; col_1_content=&raquo;Sted:&raquo; col_2_content=&raquo;Troms\u00f8&raquo;][\/vc_column_inner][\/vc_row_inner][\/vc_column][\/vc_row]\n","protected":false},"excerpt":{"rendered":"<p>[vc_row type=&raquo;full_width_background&raquo; full_screen_row_position=&raquo;middle&raquo; column_margin=&raquo;default&raquo; column_direction=&raquo;default&raquo; column_direction_tablet=&raquo;default&raquo; column_direction_phone=&raquo;default&raquo; bg_color=&raquo;#f7f7f7&#8243; scene_position=&raquo;center&raquo; top_padding=&raquo;3%&raquo; constrain_group_1=&raquo;yes&raquo; bottom_padding=&raquo;3%&raquo; text_color=&raquo;dark&raquo; text_align=&raquo;left&raquo; row_border_radius=&raquo;none&raquo; row_border_radius_applies=&raquo;bg&raquo; zindex=&raquo;100&#8243; overflow=&raquo;visible&raquo; advanced_gradient_angle=&raquo;0&#8243; overlay_strength=&raquo;0.3&#8243; gradient_direction=&raquo;left_to_right&raquo; shape_divider_position=&raquo;bottom&raquo; bg_image_animation=&raquo;none&raquo; gradient_type=&raquo;default&raquo; shape_type=&raquo;&raquo;][vc_column column_padding=&raquo;no-extra-padding&raquo; column_padding_tablet=&raquo;inherit&raquo; column_padding_phone=&raquo;inherit&raquo; column_padding_position=&raquo;all&raquo; column_element_spacing=&raquo;0px&raquo;&#8230;<\/p>\n","protected":false},"author":2,"featured_media":0,"parent":0,"menu_order":0,"comment_status":"closed","ping_status":"closed","template":"","meta":{"footnotes":""},"class_list":["post-8","page","type-page","status-publish"],"_links":{"self":[{"href":"https:\/\/prosjekt.hent.no\/mack\/wp-json\/wp\/v2\/pages\/8","targetHints":{"allow":["GET"]}}],"collection":[{"href":"https:\/\/prosjekt.hent.no\/mack\/wp-json\/wp\/v2\/pages"}],"about":[{"href":"https:\/\/prosjekt.hent.no\/mack\/wp-json\/wp\/v2\/types\/page"}],"author":[{"embeddable":true,"href":"https:\/\/prosjekt.hent.no\/mack\/wp-json\/wp\/v2\/users\/2"}],"replies":[{"embeddable":true,"href":"https:\/\/prosjekt.hent.no\/mack\/wp-json\/wp\/v2\/comments?post=8"}],"version-history":[{"count":15,"href":"https:\/\/prosjekt.hent.no\/mack\/wp-json\/wp\/v2\/pages\/8\/revisions"}],"predecessor-version":[{"id":45,"href":"https:\/\/prosjekt.hent.no\/mack\/wp-json\/wp\/v2\/pages\/8\/revisions\/45"}],"wp:attachment":[{"href":"https:\/\/prosjekt.hent.no\/mack\/wp-json\/wp\/v2\/media?parent=8"}],"curies":[{"name":"wp","href":"https:\/\/api.w.org\/{rel}","templated":true}]}}