{"id":29,"date":"2024-09-09T17:07:03","date_gmt":"2024-09-09T15:07:03","guid":{"rendered":"https:\/\/prosjekt.hent.no\/lovold-havpark\/?page_id=29"},"modified":"2024-11-14T07:19:21","modified_gmt":"2024-11-14T06:19:21","slug":"om-prosjektet","status":"publish","type":"page","link":"https:\/\/prosjekt.hent.no\/lovold-havpark\/om-prosjektet\/","title":{"rendered":"Om prosjektet"},"content":{"rendered":"[vc_row type=&raquo;in_container&raquo; full_screen_row_position=&raquo;middle&raquo; column_margin=&raquo;default&raquo; column_direction=&raquo;default&raquo; column_direction_tablet=&raquo;default&raquo; column_direction_phone=&raquo;default&raquo; scene_position=&raquo;center&raquo; top_padding=&raquo;3%&raquo; constrain_group_1=&raquo;yes&raquo; bottom_padding=&raquo;3%&raquo; text_color=&raquo;dark&raquo; text_align=&raquo;left&raquo; row_border_radius=&raquo;none&raquo; row_border_radius_applies=&raquo;bg&raquo; overflow=&raquo;visible&raquo; advanced_gradient_angle=&raquo;0&#8243; overlay_strength=&raquo;0.3&#8243; gradient_direction=&raquo;left_to_right&raquo; shape_divider_position=&raquo;bottom&raquo; bg_image_animation=&raquo;none&raquo; gradient_type=&raquo;default&raquo; shape_type=&raquo;&raquo;][vc_column column_padding=&raquo;padding-3-percent&raquo; column_padding_tablet=&raquo;inherit&raquo; column_padding_phone=&raquo;inherit&raquo; column_padding_position=&raquo;right&raquo; column_element_spacing=&raquo;default&raquo; background_color_opacity=&raquo;1&#8243; background_hover_color_opacity=&raquo;1&#8243; column_shadow=&raquo;none&raquo; column_border_radius=&raquo;none&raquo; column_link_target=&raquo;_self&raquo; column_position=&raquo;default&raquo; advanced_gradient_angle=&raquo;0&#8243; gradient_direction=&raquo;left_to_right&raquo; overlay_strength=&raquo;0.3&#8243; width=&raquo;1\/2&#8243; tablet_width_inherit=&raquo;default&raquo; tablet_text_alignment=&raquo;default&raquo; phone_text_alignment=&raquo;default&raquo; animation_type=&raquo;default&raquo; bg_image_animation=&raquo;none&raquo; border_type=&raquo;simple&raquo; column_border_width=&raquo;none&raquo; column_border_style=&raquo;solid&raquo; gradient_type=&raquo;default&raquo;][vc_column_text]L\u00f8vold Havpark har lang historie i Bod\u00f8 under moderselskapet L\u00f8vold Solution. Siden 1983 har de jobbet med n\u00e6ringsliv, fiskeri og havbruk. <i>Med hjerte for havet<\/i> har de jobbet for \u00e5 bygge kompetanse og kvalitet innen havbruksn\u00e6ringen.<\/p>\n<p>N\u00e5 skal havparken utvides og byggherres \u00f8nske er \u00e5 skape et levende senter for leverand\u00f8rer til havbruksn\u00e6ringen, basert p\u00e5 innovasjon, samarbeid, teknologi og b\u00e6rekraft.<\/p>\n<p>Siden sommeren 2023 har HENT v\u00e6rt aktivt involvert i utviklingen av forprosjektet som ble ferdigstilt og levert f\u00f8r p\u00e5sken 2024. Sammen med byggherre, arkitekt, r\u00e5dgivere og totalteknisk entrepren\u00f8r har HENT prosjektert et nytt kontorbygg p\u00e5 omtrent 8 000 kvadratmeter, fordelt p\u00e5 seks etasjer. Etablert mellom de to eksisterende byggene p\u00e5 tomten vil nybygget fungere som et bindeledd i havparken og koble sammen ulike akt\u00f8rer i et kontor- og industrifellesskap.<\/p>\n<p>Hele veien har utforming st\u00e5tt sentralt i utviklingen av L\u00f8vold Havpark. <i>Havrommet\u00a0<\/i> er det f\u00f8rste du vil m\u00f8te n\u00e5r du entrer parken og alle aktiviteter som finner sted her, skal legge til rette for engasjement, inspirasjon og l\u00e6ring. Et moderne og innovativt lokale som gir rom til \u00e5 skape n\u00f8dvendige l\u00f8sninger, for gr\u00f8nn vekst i den bl\u00e5 n\u00e6ringen.<\/p>\n<p>Prosjektet har utformet en solid b\u00e6rekraftprofil og med ambisjoner om BREEAM Outstanding sertifisering h\u00e5per byggherre \u00e5 inspirere andre utbyggere til \u00e5 gj\u00f8re det samme. Som en del av b\u00e6rekraftprofilen bygges nybygget med bant annet b\u00e6resystem i lim- og massivtre.[\/vc_column_text][\/vc_column][vc_column column_padding=&raquo;no-extra-padding&raquo; column_padding_tablet=&raquo;inherit&raquo; column_padding_phone=&raquo;inherit&raquo; column_padding_position=&raquo;all&raquo; column_element_spacing=&raquo;default&raquo; background_color_opacity=&raquo;1&#8243; background_hover_color_opacity=&raquo;1&#8243; column_shadow=&raquo;none&raquo; column_border_radius=&raquo;none&raquo; column_link_target=&raquo;_self&raquo; column_position=&raquo;default&raquo; gradient_direction=&raquo;left_to_right&raquo; overlay_strength=&raquo;0.3&#8243; width=&raquo;1\/2&#8243; tablet_width_inherit=&raquo;default&raquo; tablet_text_alignment=&raquo;default&raquo; phone_text_alignment=&raquo;default&raquo; animation_type=&raquo;default&raquo; bg_image_animation=&raquo;none&raquo; border_type=&raquo;simple&raquo; column_border_width=&raquo;none&raquo; column_border_style=&raquo;solid&raquo;][image_with_animation image_url=&raquo;6&#8243; image_size=&raquo;full&raquo; animation_type=&raquo;entrance&raquo; animation=&raquo;Fade In&raquo; hover_animation=&raquo;none&raquo; alignment=&raquo;&raquo; border_radius=&raquo;none&raquo; box_shadow=&raquo;none&raquo; image_loading=&raquo;default&raquo; max_width=&raquo;100%&raquo; max_width_mobile=&raquo;default&raquo;][\/vc_column][\/vc_row]\n","protected":false},"excerpt":{"rendered":"<p>[vc_row type=&raquo;in_container&raquo; full_screen_row_position=&raquo;middle&raquo; column_margin=&raquo;default&raquo; column_direction=&raquo;default&raquo; column_direction_tablet=&raquo;default&raquo; column_direction_phone=&raquo;default&raquo; scene_position=&raquo;center&raquo; top_padding=&raquo;3%&raquo; constrain_group_1=&raquo;yes&raquo; bottom_padding=&raquo;3%&raquo; text_color=&raquo;dark&raquo; text_align=&raquo;left&raquo; row_border_radius=&raquo;none&raquo; row_border_radius_applies=&raquo;bg&raquo; overflow=&raquo;visible&raquo; advanced_gradient_angle=&raquo;0&#8243; overlay_strength=&raquo;0.3&#8243; gradient_direction=&raquo;left_to_right&raquo; shape_divider_position=&raquo;bottom&raquo; bg_image_animation=&raquo;none&raquo; gradient_type=&raquo;default&raquo; shape_type=&raquo;&raquo;][vc_column column_padding=&raquo;padding-3-percent&raquo; column_padding_tablet=&raquo;inherit&raquo; column_padding_phone=&raquo;inherit&raquo; column_padding_position=&raquo;right&raquo; column_element_spacing=&raquo;default&raquo; background_color_opacity=&raquo;1&#8243; background_hover_color_opacity=&raquo;1&#8243;&#8230;<\/p>\n","protected":false},"author":2,"featured_media":0,"parent":0,"menu_order":0,"comment_status":"closed","ping_status":"closed","template":"","meta":{"footnotes":""},"class_list":["post-29","page","type-page","status-publish"],"_links":{"self":[{"href":"https:\/\/prosjekt.hent.no\/lovold-havpark\/wp-json\/wp\/v2\/pages\/29","targetHints":{"allow":["GET"]}}],"collection":[{"href":"https:\/\/prosjekt.hent.no\/lovold-havpark\/wp-json\/wp\/v2\/pages"}],"about":[{"href":"https:\/\/prosjekt.hent.no\/lovold-havpark\/wp-json\/wp\/v2\/types\/page"}],"author":[{"embeddable":true,"href":"https:\/\/prosjekt.hent.no\/lovold-havpark\/wp-json\/wp\/v2\/users\/2"}],"replies":[{"embeddable":true,"href":"https:\/\/prosjekt.hent.no\/lovold-havpark\/wp-json\/wp\/v2\/comments?post=29"}],"version-history":[{"count":1,"href":"https:\/\/prosjekt.hent.no\/lovold-havpark\/wp-json\/wp\/v2\/pages\/29\/revisions"}],"predecessor-version":[{"id":31,"href":"https:\/\/prosjekt.hent.no\/lovold-havpark\/wp-json\/wp\/v2\/pages\/29\/revisions\/31"}],"wp:attachment":[{"href":"https:\/\/prosjekt.hent.no\/lovold-havpark\/wp-json\/wp\/v2\/media?parent=29"}],"curies":[{"name":"wp","href":"https:\/\/api.w.org\/{rel}","templated":true}]}}