{"id":11,"date":"2025-10-14T10:33:26","date_gmt":"2025-10-14T08:33:26","guid":{"rendered":"https:\/\/prosjekt.hent.no\/fjellheisen\/?page_id=11"},"modified":"2025-11-26T12:54:15","modified_gmt":"2025-11-26T11:54:15","slug":"om-prosjektet","status":"publish","type":"page","link":"https:\/\/prosjekt.hent.no\/fjellheisen\/om-prosjektet\/","title":{"rendered":"Om prosjektet"},"content":{"rendered":"[vc_row type=&raquo;full_width_background&raquo; full_screen_row_position=&raquo;middle&raquo; column_margin=&raquo;default&raquo; column_direction=&raquo;default&raquo; column_direction_tablet=&raquo;default&raquo; column_direction_phone=&raquo;default&raquo; bg_color=&raquo;#f7f7f7&#8243; scene_position=&raquo;center&raquo; top_padding=&raquo;3%&raquo; constrain_group_1=&raquo;yes&raquo; bottom_padding=&raquo;3%&raquo; text_color=&raquo;dark&raquo; text_align=&raquo;left&raquo; row_border_radius=&raquo;none&raquo; row_border_radius_applies=&raquo;bg&raquo; zindex=&raquo;100&#8243; overflow=&raquo;visible&raquo; id=&raquo;beliefs&raquo; advanced_gradient_angle=&raquo;0&#8243; overlay_strength=&raquo;0.3&#8243; gradient_direction=&raquo;left_to_right&raquo; shape_divider_position=&raquo;bottom&raquo; bg_image_animation=&raquo;none&raquo; shape_type=&raquo;&raquo; gradient_type=&raquo;default&raquo;][vc_column column_padding=&raquo;no-extra-padding&raquo; column_padding_tablet=&raquo;inherit&raquo; column_padding_phone=&raquo;inherit&raquo; column_padding_position=&raquo;all&raquo; column_element_spacing=&raquo;default&raquo; background_color_opacity=&raquo;1&#8243; background_hover_color_opacity=&raquo;1&#8243; column_shadow=&raquo;none&raquo; column_border_radius=&raquo;none&raquo; column_link_target=&raquo;_self&raquo; column_position=&raquo;default&raquo; gradient_direction=&raquo;left_to_right&raquo; overlay_strength=&raquo;0.3&#8243; width=&raquo;1\/1&#8243; tablet_width_inherit=&raquo;default&raquo; tablet_text_alignment=&raquo;default&raquo; phone_text_alignment=&raquo;default&raquo; animation_type=&raquo;default&raquo; bg_image_animation=&raquo;none&raquo; border_type=&raquo;simple&raquo; column_border_width=&raquo;none&raquo; column_border_style=&raquo;solid&raquo;][vc_row_inner column_margin=&raquo;default&raquo; column_direction=&raquo;default&raquo; column_direction_tablet=&raquo;default&raquo; column_direction_phone=&raquo;default&raquo; text_align=&raquo;left&raquo; row_position=&raquo;default&raquo; row_position_tablet=&raquo;inherit&raquo; row_position_phone=&raquo;inherit&raquo; overflow=&raquo;visible&raquo; pointer_events=&raquo;all&raquo;][vc_column_inner column_padding=&raquo;no-extra-padding&raquo; column_padding_tablet=&raquo;inherit&raquo; column_padding_phone=&raquo;inherit&raquo; column_padding_position=&raquo;all&raquo; column_element_spacing=&raquo;default&raquo; background_color_opacity=&raquo;1&#8243; background_hover_color_opacity=&raquo;1&#8243; column_shadow=&raquo;none&raquo; column_border_radius=&raquo;none&raquo; column_link_target=&raquo;_self&raquo; gradient_direction=&raquo;left_to_right&raquo; overlay_strength=&raquo;0.3&#8243; width=&raquo;1\/1&#8243; tablet_width_inherit=&raquo;default&raquo; animation_type=&raquo;default&raquo; bg_image_animation=&raquo;none&raquo; border_type=&raquo;simple&raquo; column_border_width=&raquo;none&raquo; column_border_style=&raquo;solid&raquo;][nectar_scrolling_text scroll_direction=&raquo;ltr&raquo; scroll_speed=&raquo;slow&raquo; text_color=&raquo;#b5b5b5&#8243; style=&raquo;text_outline&raquo; outline_thickness=&raquo;thin&raquo; text_repeat_number=&raquo;3&#8243; text_repeat_divider=&raquo;none&raquo; overflow=&raquo;hidden&raquo; background_image_url=&raquo;12&#8243; background_image_animation=&raquo;None&raquo; separate_text_coloring=&raquo;true&raquo; text_color_front=&raquo;#ffffff&raquo; scroll_functionality=&raquo;automatic&raquo; custom_font_size=&raquo;15vh&raquo; custom_font_size_mobile=&raquo;11vw&raquo; background_image_height=&raquo;55vh&raquo;][\/nectar_scrolling_text][vc_column_text]\n<h6><em>Illustrasjon: <span class=\"ILfuVd\" lang=\"no\"><span class=\"hgKElc\">Arkitektkontoret Amundsen<\/span><\/span><\/em><\/h6>\n[\/vc_column_text][\/vc_column_inner][\/vc_row_inner][\/vc_column][\/vc_row][vc_row type=&raquo;full_width_background&raquo; full_screen_row_position=&raquo;middle&raquo; column_margin=&raquo;default&raquo; column_direction=&raquo;default&raquo; column_direction_tablet=&raquo;default&raquo; column_direction_phone=&raquo;default&raquo; bg_color=&raquo;#ffffff&raquo; scene_position=&raquo;center&raquo; top_padding=&raquo;2%&raquo; bottom_padding=&raquo;4%&raquo; text_color=&raquo;dark&raquo; text_align=&raquo;left&raquo; row_border_radius=&raquo;none&raquo; row_border_radius_applies=&raquo;bg&raquo; overflow=&raquo;visible&raquo; advanced_gradient_angle=&raquo;0&#8243; overlay_strength=&raquo;1&#8243; gradient_direction=&raquo;left_to_right&raquo; shape_divider_position=&raquo;bottom&raquo; bg_image_animation=&raquo;none&raquo; shape_type=&raquo;&raquo; gradient_type=&raquo;default&raquo;][vc_column column_padding=&raquo;no-extra-padding&raquo; column_padding_tablet=&raquo;inherit&raquo; column_padding_phone=&raquo;inherit&raquo; column_padding_position=&raquo;all&raquo; column_element_spacing=&raquo;default&raquo; background_color_opacity=&raquo;1&#8243; background_hover_color_opacity=&raquo;1&#8243; column_shadow=&raquo;none&raquo; column_border_radius=&raquo;none&raquo; column_link_target=&raquo;_self&raquo; column_position=&raquo;default&raquo; gradient_direction=&raquo;left_to_right&raquo; overlay_strength=&raquo;0.3&#8243; width=&raquo;1\/1&#8243; tablet_width_inherit=&raquo;default&raquo; tablet_text_alignment=&raquo;default&raquo; phone_text_alignment=&raquo;default&raquo; animation_type=&raquo;default&raquo; enable_animation=&raquo;true&raquo; animation=&raquo;fade-in-from-bottom&raquo; bg_image_animation=&raquo;none&raquo; border_type=&raquo;simple&raquo; column_border_width=&raquo;none&raquo; column_border_style=&raquo;solid&raquo;][vc_row_inner column_margin=&raquo;90px&raquo; column_direction=&raquo;default&raquo; column_direction_tablet=&raquo;default&raquo; column_direction_phone=&raquo;default&raquo; text_align=&raquo;left&raquo; row_position=&raquo;default&raquo; row_position_tablet=&raquo;inherit&raquo; row_position_phone=&raquo;inherit&raquo; overflow=&raquo;visible&raquo; pointer_events=&raquo;all&raquo;][vc_column_inner column_padding=&raquo;padding-3-percent&raquo; column_padding_tablet=&raquo;inherit&raquo; column_padding_phone=&raquo;inherit&raquo; column_padding_position=&raquo;top-bottom&raquo; column_element_spacing=&raquo;default&raquo; background_color_opacity=&raquo;1&#8243; background_hover_color_opacity=&raquo;1&#8243; column_shadow=&raquo;none&raquo; column_border_radius=&raquo;none&raquo; column_link_target=&raquo;_self&raquo; gradient_direction=&raquo;left_to_right&raquo; overlay_strength=&raquo;0.3&#8243; width=&raquo;1\/2&#8243; tablet_width_inherit=&raquo;default&raquo; animation_type=&raquo;default&raquo; enable_animation=&raquo;true&raquo; animation=&raquo;fade-in-from-bottom&raquo; bg_image_animation=&raquo;none&raquo; border_type=&raquo;simple&raquo; column_border_width=&raquo;none&raquo; column_border_style=&raquo;solid&raquo;][vc_column_text css=&raquo;.vc_custom_1760430483393{margin-bottom: 10px !important;padding-right: 10% !important;}&raquo;]\n<h3>Om prosjektet<\/h3>\n[\/vc_column_text][vc_column_text css=&raquo;.vc_custom_1760430511746{padding-right: 10% !important;}&raquo;]Bygging av ny toppstasjon ved gondolheisen i Troms\u00f8 med nye moderne arealer for publikum, deriblant ny cafe, restaurant, konferansearealer, samt utkikksplat\u00e5 med en ny luftig og utkragende skywalk. Eksisterende gondol skal videref\u00f8res og oppgraderes. I \u00f8vrig river man ned eksiterende cafe, og det skal legges ny infrastruktur med VA inn til bygget. Arbeider til \u00d8vre Stasjon utf\u00f8res hovedsaklig med bruk av helikopter for vareleveranser, og forutsetter god planlegging av logistikk og fremdrift.[\/vc_column_text][\/vc_column_inner][vc_column_inner column_padding=&raquo;padding-3-percent&raquo; column_padding_tablet=&raquo;inherit&raquo; column_padding_phone=&raquo;inherit&raquo; column_padding_position=&raquo;top-bottom&raquo; column_element_spacing=&raquo;default&raquo; background_color_opacity=&raquo;1&#8243; background_hover_color_opacity=&raquo;1&#8243; column_shadow=&raquo;none&raquo; column_border_radius=&raquo;none&raquo; column_link_target=&raquo;_self&raquo; gradient_direction=&raquo;left_to_right&raquo; overlay_strength=&raquo;0.3&#8243; width=&raquo;1\/2&#8243; tablet_width_inherit=&raquo;default&raquo; animation_type=&raquo;default&raquo; enable_animation=&raquo;true&raquo; animation=&raquo;fade-in-from-bottom&raquo; bg_image_animation=&raquo;none&raquo; border_type=&raquo;simple&raquo; column_border_width=&raquo;none&raquo; column_border_style=&raquo;solid&raquo; delay=&raquo;100&#8243;][vc_column_text css=&raquo;.vc_custom_1760430803509{margin-bottom: 10px !important;padding-right: 10% !important;}&raquo;]\n<h3>Prosjektinformasjon<\/h3>\n[\/vc_column_text][nectar_horizontal_list_item columns=&raquo;2&#8243; column_layout_using_2_columns=&raquo;medium_last&raquo; col_1_text_align=&raquo;left&raquo; col_2_text_align=&raquo;left&raquo; col_1_text_element=&raquo;p&raquo; col_2_text_element=&raquo;h5&#8243; font_family=&raquo;p&raquo; hover_effect=&raquo;none&raquo; icon_family=&raquo;none&raquo; icon_size=&raquo;regular&raquo; col_1_content=&raquo;Byggherre:&raquo; col_2_content=&raquo;Fjellheisen AS&raquo;][nectar_horizontal_list_item columns=&raquo;2&#8243; column_layout_using_2_columns=&raquo;medium_last&raquo; col_1_text_align=&raquo;left&raquo; col_2_text_align=&raquo;left&raquo; col_1_text_element=&raquo;p&raquo; col_2_text_element=&raquo;h5&#8243; font_family=&raquo;p&raquo; hover_effect=&raquo;none&raquo; icon_family=&raquo;none&raquo; icon_size=&raquo;regular&raquo; col_1_content=&raquo;Byggeperiode:&raquo; col_2_content=&raquo;2025 &#8211; 2027&#8243;][nectar_horizontal_list_item columns=&raquo;2&#8243; column_layout_using_2_columns=&raquo;medium_last&raquo; col_1_text_align=&raquo;left&raquo; col_2_text_align=&raquo;left&raquo; col_1_text_element=&raquo;p&raquo; col_2_text_element=&raquo;h5&#8243; font_family=&raquo;p&raquo; hover_effect=&raquo;none&raquo; icon_family=&raquo;none&raquo; icon_size=&raquo;regular&raquo; col_1_content=&raquo;Entreprise:&raquo; col_2_content=&raquo;Totalentreprise med prosjektavtale&raquo;][nectar_horizontal_list_item columns=&raquo;2&#8243; column_layout_using_2_columns=&raquo;medium_last&raquo; col_1_text_align=&raquo;left&raquo; col_2_text_align=&raquo;left&raquo; col_1_text_element=&raquo;p&raquo; col_2_text_element=&raquo;h5&#8243; font_family=&raquo;p&raquo; hover_effect=&raquo;none&raquo; icon_family=&raquo;none&raquo; icon_size=&raquo;regular&raquo; col_1_content=&raquo;Omfang:&raquo; col_2_content=&raquo;3 000 kvm&raquo;][nectar_horizontal_list_item columns=&raquo;2&#8243; column_layout_using_2_columns=&raquo;medium_last&raquo; col_1_text_align=&raquo;left&raquo; col_2_text_align=&raquo;left&raquo; col_1_text_element=&raquo;p&raquo; col_2_text_element=&raquo;h5&#8243; font_family=&raquo;p&raquo; hover_effect=&raquo;none&raquo; icon_family=&raquo;none&raquo; icon_size=&raquo;regular&raquo; col_1_content=&raquo;Arkitekt:&raquo; col_2_content=&raquo;Arkitektkontoret Amundsen&raquo;][nectar_horizontal_list_item columns=&raquo;2&#8243; column_layout_using_2_columns=&raquo;medium_last&raquo; col_1_text_align=&raquo;left&raquo; col_2_text_align=&raquo;left&raquo; col_1_text_element=&raquo;p&raquo; col_2_text_element=&raquo;h5&#8243; font_family=&raquo;p&raquo; hover_effect=&raquo;none&raquo; icon_family=&raquo;none&raquo; icon_size=&raquo;regular&raquo; col_1_content=&raquo;Sted:&raquo; col_2_content=&raquo;Troms\u00f8&raquo;][\/vc_column_inner][\/vc_row_inner][\/vc_column][\/vc_row]\n","protected":false},"excerpt":{"rendered":"<p>[vc_row type=&raquo;full_width_background&raquo; full_screen_row_position=&raquo;middle&raquo; column_margin=&raquo;default&raquo; column_direction=&raquo;default&raquo; column_direction_tablet=&raquo;default&raquo; column_direction_phone=&raquo;default&raquo; bg_color=&raquo;#f7f7f7&#8243; scene_position=&raquo;center&raquo; top_padding=&raquo;3%&raquo; constrain_group_1=&raquo;yes&raquo; bottom_padding=&raquo;3%&raquo; text_color=&raquo;dark&raquo; text_align=&raquo;left&raquo; row_border_radius=&raquo;none&raquo; row_border_radius_applies=&raquo;bg&raquo; zindex=&raquo;100&#8243; overflow=&raquo;visible&raquo; id=&raquo;beliefs&raquo; advanced_gradient_angle=&raquo;0&#8243; overlay_strength=&raquo;0.3&#8243; gradient_direction=&raquo;left_to_right&raquo; shape_divider_position=&raquo;bottom&raquo; bg_image_animation=&raquo;none&raquo; shape_type=&raquo;&raquo; gradient_type=&raquo;default&raquo;][vc_column column_padding=&raquo;no-extra-padding&raquo; column_padding_tablet=&raquo;inherit&raquo; column_padding_phone=&raquo;inherit&raquo; column_padding_position=&raquo;all&raquo;&#8230;<\/p>\n","protected":false},"author":2,"featured_media":0,"parent":0,"menu_order":0,"comment_status":"closed","ping_status":"closed","template":"","meta":{"footnotes":""},"class_list":["post-11","page","type-page","status-publish"],"_links":{"self":[{"href":"https:\/\/prosjekt.hent.no\/fjellheisen\/wp-json\/wp\/v2\/pages\/11","targetHints":{"allow":["GET"]}}],"collection":[{"href":"https:\/\/prosjekt.hent.no\/fjellheisen\/wp-json\/wp\/v2\/pages"}],"about":[{"href":"https:\/\/prosjekt.hent.no\/fjellheisen\/wp-json\/wp\/v2\/types\/page"}],"author":[{"embeddable":true,"href":"https:\/\/prosjekt.hent.no\/fjellheisen\/wp-json\/wp\/v2\/users\/2"}],"replies":[{"embeddable":true,"href":"https:\/\/prosjekt.hent.no\/fjellheisen\/wp-json\/wp\/v2\/comments?post=11"}],"version-history":[{"count":2,"href":"https:\/\/prosjekt.hent.no\/fjellheisen\/wp-json\/wp\/v2\/pages\/11\/revisions"}],"predecessor-version":[{"id":14,"href":"https:\/\/prosjekt.hent.no\/fjellheisen\/wp-json\/wp\/v2\/pages\/11\/revisions\/14"}],"wp:attachment":[{"href":"https:\/\/prosjekt.hent.no\/fjellheisen\/wp-json\/wp\/v2\/media?parent=11"}],"curies":[{"name":"wp","href":"https:\/\/api.w.org\/{rel}","templated":true}]}}