{"id":42,"date":"2024-10-24T08:40:34","date_gmt":"2024-10-24T06:40:34","guid":{"rendered":"https:\/\/prosjekt.hent.no\/aio\/?page_id=42"},"modified":"2024-10-31T09:23:59","modified_gmt":"2024-10-31T08:23:59","slug":"om-prosjektet","status":"publish","type":"page","link":"https:\/\/prosjekt.hent.no\/aio\/om-prosjektet\/","title":{"rendered":"Om prosjektet"},"content":{"rendered":"[vc_row type=&raquo;in_container&raquo; full_screen_row_position=&raquo;middle&raquo; column_margin=&raquo;default&raquo; column_direction=&raquo;default&raquo; column_direction_tablet=&raquo;default&raquo; column_direction_phone=&raquo;default&raquo; scene_position=&raquo;center&raquo; top_margin=&raquo;6%&raquo; bottom_margin=&raquo;5%&raquo; text_color=&raquo;dark&raquo; text_align=&raquo;left&raquo; row_border_radius=&raquo;none&raquo; row_border_radius_applies=&raquo;bg&raquo; overflow=&raquo;visible&raquo; advanced_gradient_angle=&raquo;0&#8243; overlay_strength=&raquo;0.3&#8243; gradient_direction=&raquo;left_to_right&raquo; shape_divider_position=&raquo;bottom&raquo; bg_image_animation=&raquo;none&raquo; gradient_type=&raquo;default&raquo; shape_type=&raquo;&raquo;][vc_column column_padding=&raquo;no-extra-padding&raquo; column_padding_tablet=&raquo;inherit&raquo; column_padding_phone=&raquo;inherit&raquo; column_padding_position=&raquo;all&raquo; column_element_spacing=&raquo;default&raquo; background_color_opacity=&raquo;1&#8243; background_hover_color_opacity=&raquo;1&#8243; column_shadow=&raquo;none&raquo; column_border_radius=&raquo;none&raquo; column_link_target=&raquo;_self&raquo; column_position=&raquo;default&raquo; gradient_direction=&raquo;left_to_right&raquo; overlay_strength=&raquo;0.3&#8243; width=&raquo;1\/1&#8243; tablet_width_inherit=&raquo;default&raquo; tablet_text_alignment=&raquo;default&raquo; phone_text_alignment=&raquo;default&raquo; animation_type=&raquo;default&raquo; bg_image_animation=&raquo;none&raquo; border_type=&raquo;simple&raquo; column_border_width=&raquo;none&raquo; column_border_style=&raquo;solid&raquo;][vc_column_text]\n<h2><strong>\u00c5lesund sjukehus AIO (akutt, intensiv og operasjon)<\/strong><\/h2>\n[\/vc_column_text][\/vc_column][\/vc_row][vc_row type=&raquo;in_container&raquo; full_screen_row_position=&raquo;middle&raquo; column_margin=&raquo;default&raquo; column_direction=&raquo;default&raquo; column_direction_tablet=&raquo;default&raquo; column_direction_phone=&raquo;default&raquo; scene_position=&raquo;center&raquo; bottom_margin=&raquo;8%&raquo; text_color=&raquo;dark&raquo; text_align=&raquo;left&raquo; row_border_radius=&raquo;none&raquo; row_border_radius_applies=&raquo;bg&raquo; overflow=&raquo;visible&raquo; advanced_gradient_angle=&raquo;0&#8243; overlay_strength=&raquo;0.3&#8243; gradient_direction=&raquo;left_to_right&raquo; shape_divider_position=&raquo;bottom&raquo; bg_image_animation=&raquo;none&raquo; gradient_type=&raquo;default&raquo; shape_type=&raquo;&raquo;][vc_column column_padding=&raquo;padding-5-percent&raquo; column_padding_tablet=&raquo;inherit&raquo; column_padding_phone=&raquo;inherit&raquo; column_padding_position=&raquo;right&raquo; column_element_spacing=&raquo;default&raquo; background_color_opacity=&raquo;1&#8243; background_hover_color_opacity=&raquo;1&#8243; column_shadow=&raquo;none&raquo; column_border_radius=&raquo;none&raquo; column_link_target=&raquo;_self&raquo; column_position=&raquo;default&raquo; advanced_gradient_angle=&raquo;0&#8243; gradient_direction=&raquo;left_to_right&raquo; overlay_strength=&raquo;0.3&#8243; width=&raquo;1\/2&#8243; tablet_width_inherit=&raquo;default&raquo; tablet_text_alignment=&raquo;default&raquo; phone_text_alignment=&raquo;default&raquo; animation_type=&raquo;default&raquo; bg_image_animation=&raquo;none&raquo; border_type=&raquo;simple&raquo; column_border_width=&raquo;none&raquo; column_border_style=&raquo;solid&raquo; gradient_type=&raquo;default&raquo;][vc_column_text]\n<div class=\"fui-FluentProvider fui-FluentProvider8 ___13yoiqc f19n0e5 f3e3pzq f1o700av fk6fouc fkhj508 figsok6 f1g96gwp\" dir=\"ltr\">\n<div class=\"a_a_50a7110f a_a_50a7110f root-142 CanvasZone row CanvasZone--alignment CanvasZone--noMargin CanvasZone--read\" data-automation-id=\"CanvasZone\">\n<div class=\"g_a_50a7110f e_a_50a7110f f_a_50a7110f k_a_50a7110f\" data-automation-id=\"CanvasZone-SectionContainer\">\n<div class=\"a_h_50a7110f y_h_50a7110f CanvasSection CanvasSection-col CanvasSection-sm12 CanvasSection--read CanvasSection-xl8\" data-automation-id=\"CanvasSection\">\n<div>\n<div id=\"32b8e602-35c0-432d-a5d3-a2e80e7e5fd3\" class=\"ControlZone ControlZone--clean a_e_50a7110f\" data-automation-id=\"CanvasControl\">\n<div class=\"ControlZone--control\">\n<div class=\"rte-webpart\" dir=\"auto\" data-sp-feature-tag=\"Rich Text Editor\" data-sp-feature-instance-id=\"32b8e602-35c0-432d-a5d3-a2e80e7e5fd3\">\n<div class=\"cke_editable rte--read rte--inline ckeditable_removeMargin highlightFocusFix blockQuoteFont rte-strong-fontWeight fontWeightStrongForIEFireFox uniformSpacingForElements rte--paragraphSpacing LightMode rte--list-rtl cke_editable rteEmphasis root-143 css-144 fixFocusIndicator\" data-automation-id=\"textBox\">\n<p>\u00c5lesund sjukehus stod ferdig i 1971 og skal n\u00e5 utvides med nytt akuttmottak, ny intensivavdeling, operasjonssaler og ny sterilsentral. Utbyggingen skal bidra til \u00e5 \u00f8ke kapasiteten, og gi innbyggerne i kommunen et bedre og mer moderne helsetilbud.<\/p>\n<p>HENT er engasjert som totalentrepren\u00f8r og prosjektet gjennomf\u00f8res i samspill med Helse M\u00f8re og Romsdal og Sykehusbygg.<\/p>\n<p>Prosjektet best\u00e5r av et tilbygg p\u00e5 om lag 7500 m<sup>2<\/sup> som vil inneholde operasjonsavdeling med 9 moderne operasjonsstuer, intensiv\/overv\u00e5kning og postoperativ, akuttmottak og sterilsentral. I tillegg skal deler av eksisterende bygningsmasse rehabiliteres i tilst\u00f8tende arealer.<\/p>\n<\/div>\n<h4><strong><br \/>\nProsjektfakta:<\/strong><\/h4>\n<p>Byggherre: Helse M\u00f8re og Romsdal<br \/>\nProsjektledelse: Sykehusbygg<br \/>\nTotalentrepren\u00f8r: HENT<br \/>\nPeriode: 2023 &#8211; 2027<br \/>\nKontraktsform: Totalentreprise med samspill<\/p>\n<p>Arkitekt: Nordic Office of Architecture<br \/>\nR\u00e5dgiver: Sweco<br \/>\nLARK og RIVvei: Norconsult<br \/>\nElektroarbeider: Acel<br \/>\nR\u00f8rarbeider: R\u00f8rleggersentralen<br \/>\nVentilasjonsarbeider: GK<br \/>\nGrunn- og utomhusarbeider: Vasto Anlegg<\/p>\n<\/div>\n<\/div>\n<\/div>\n<\/div>\n<\/div>\n<\/div>\n<\/div>\n<\/div>\n[\/vc_column_text][\/vc_column][vc_column column_padding=&raquo;no-extra-padding&raquo; column_padding_tablet=&raquo;inherit&raquo; column_padding_phone=&raquo;inherit&raquo; column_padding_position=&raquo;all&raquo; column_element_spacing=&raquo;default&raquo; background_color_opacity=&raquo;1&#8243; background_hover_color_opacity=&raquo;1&#8243; column_shadow=&raquo;none&raquo; column_border_radius=&raquo;none&raquo; column_link_target=&raquo;_self&raquo; column_position=&raquo;default&raquo; gradient_direction=&raquo;left_to_right&raquo; overlay_strength=&raquo;0.3&#8243; width=&raquo;1\/2&#8243; tablet_width_inherit=&raquo;default&raquo; tablet_text_alignment=&raquo;default&raquo; phone_text_alignment=&raquo;default&raquo; animation_type=&raquo;default&raquo; bg_image_animation=&raquo;none&raquo; border_type=&raquo;simple&raquo; column_border_width=&raquo;none&raquo; column_border_style=&raquo;solid&raquo;][image_with_animation image_url=&raquo;23&#8243; image_size=&raquo;full&raquo; animation_type=&raquo;entrance&raquo; animation=&raquo;Fade In&raquo; hover_animation=&raquo;none&raquo; alignment=&raquo;&raquo; border_radius=&raquo;none&raquo; box_shadow=&raquo;none&raquo; image_loading=&raquo;default&raquo; max_width=&raquo;100%&raquo; max_width_mobile=&raquo;default&raquo;][\/vc_column][\/vc_row]\n","protected":false},"excerpt":{"rendered":"<p>[vc_row type=&raquo;in_container&raquo; full_screen_row_position=&raquo;middle&raquo; column_margin=&raquo;default&raquo; column_direction=&raquo;default&raquo; column_direction_tablet=&raquo;default&raquo; column_direction_phone=&raquo;default&raquo; scene_position=&raquo;center&raquo; top_margin=&raquo;6%&raquo; bottom_margin=&raquo;5%&raquo; text_color=&raquo;dark&raquo; text_align=&raquo;left&raquo; row_border_radius=&raquo;none&raquo; row_border_radius_applies=&raquo;bg&raquo; overflow=&raquo;visible&raquo; advanced_gradient_angle=&raquo;0&#8243; overlay_strength=&raquo;0.3&#8243; gradient_direction=&raquo;left_to_right&raquo; shape_divider_position=&raquo;bottom&raquo; bg_image_animation=&raquo;none&raquo; gradient_type=&raquo;default&raquo; shape_type=&raquo;&raquo;][vc_column column_padding=&raquo;no-extra-padding&raquo; column_padding_tablet=&raquo;inherit&raquo; column_padding_phone=&raquo;inherit&raquo; column_padding_position=&raquo;all&raquo; column_element_spacing=&raquo;default&raquo; background_color_opacity=&raquo;1&#8243; background_hover_color_opacity=&raquo;1&#8243; column_shadow=&raquo;none&raquo;&#8230;<\/p>\n","protected":false},"author":2,"featured_media":0,"parent":0,"menu_order":0,"comment_status":"closed","ping_status":"closed","template":"","meta":{"footnotes":""},"class_list":["post-42","page","type-page","status-publish"],"_links":{"self":[{"href":"https:\/\/prosjekt.hent.no\/aio\/wp-json\/wp\/v2\/pages\/42","targetHints":{"allow":["GET"]}}],"collection":[{"href":"https:\/\/prosjekt.hent.no\/aio\/wp-json\/wp\/v2\/pages"}],"about":[{"href":"https:\/\/prosjekt.hent.no\/aio\/wp-json\/wp\/v2\/types\/page"}],"author":[{"embeddable":true,"href":"https:\/\/prosjekt.hent.no\/aio\/wp-json\/wp\/v2\/users\/2"}],"replies":[{"embeddable":true,"href":"https:\/\/prosjekt.hent.no\/aio\/wp-json\/wp\/v2\/comments?post=42"}],"version-history":[{"count":13,"href":"https:\/\/prosjekt.hent.no\/aio\/wp-json\/wp\/v2\/pages\/42\/revisions"}],"predecessor-version":[{"id":57,"href":"https:\/\/prosjekt.hent.no\/aio\/wp-json\/wp\/v2\/pages\/42\/revisions\/57"}],"wp:attachment":[{"href":"https:\/\/prosjekt.hent.no\/aio\/wp-json\/wp\/v2\/media?parent=42"}],"curies":[{"name":"wp","href":"https:\/\/api.w.org\/{rel}","templated":true}]}}